{"id":157,"date":"2025-05-28T15:59:05","date_gmt":"2025-05-28T18:59:05","guid":{"rendered":"http:\/\/helenapsicologa.comercial.ws\/?page_id=157"},"modified":"2025-07-21T14:31:18","modified_gmt":"2025-07-21T17:31:18","slug":"elementor-pagina-157","status":"publish","type":"page","link":"https:\/\/helenapsicologa.com.br\/index.php\/elementor-pagina-157\/","title":{"rendered":"Artigos"},"content":{"rendered":"\t\t<div data-elementor-type=\"wp-page\" data-elementor-id=\"157\" class=\"elementor elementor-157\" data-elementor-post-type=\"page\">\n\t\t\t\t<div class=\"elementor-element elementor-element-6bd4aab e-flex e-con-boxed e-con e-parent\" data-id=\"6bd4aab\" data-element_type=\"container\">\n\t\t\t\t\t<div class=\"e-con-inner\">\n\t\t\t\t<div class=\"elementor-element elementor-element-e56745a elementor-widget elementor-widget-heading\" data-id=\"e56745a\" data-element_type=\"widget\" data-widget_type=\"heading.default\">\n\t\t\t\t<div class=\"elementor-widget-container\">\n\t\t\t\t\t<h2 class=\"elementor-heading-title elementor-size-default\">Artigos<\/h2>\t\t\t\t<\/div>\n\t\t\t\t<\/div>\n\t\t\t\t\t<\/div>\n\t\t\t\t<\/div>\n\t\t<div class=\"elementor-element elementor-element-16fe1cd e-flex e-con-boxed e-con e-parent\" data-id=\"16fe1cd\" data-element_type=\"container\">\n\t\t\t\t\t<div class=\"e-con-inner\">\n\t\t\t\t<div class=\"elementor-element elementor-element-592d19a elementor-posts--align-left elementor-grid-3 elementor-grid-tablet-2 elementor-grid-mobile-1 elementor-posts--thumbnail-top elementor-card-shadow-yes elementor-posts__hover-gradient elementor-widget elementor-widget-posts\" data-id=\"592d19a\" data-element_type=\"widget\" data-settings=\"{&quot;cards_columns&quot;:&quot;3&quot;,&quot;cards_columns_tablet&quot;:&quot;2&quot;,&quot;cards_columns_mobile&quot;:&quot;1&quot;,&quot;cards_row_gap&quot;:{&quot;unit&quot;:&quot;px&quot;,&quot;size&quot;:35,&quot;sizes&quot;:[]},&quot;cards_row_gap_tablet&quot;:{&quot;unit&quot;:&quot;px&quot;,&quot;size&quot;:&quot;&quot;,&quot;sizes&quot;:[]},&quot;cards_row_gap_mobile&quot;:{&quot;unit&quot;:&quot;px&quot;,&quot;size&quot;:&quot;&quot;,&quot;sizes&quot;:[]}}\" data-widget_type=\"posts.cards\">\n\t\t\t\t<div class=\"elementor-widget-container\">\n\t\t\t\t\t\t\t<div class=\"elementor-posts-container elementor-posts elementor-posts--skin-cards elementor-grid\">\n\t\t\t\t<article class=\"elementor-post elementor-grid-item post-503 post type-post status-publish format-standard hentry category-artigos-e-noticias\">\n\t\t\t<div class=\"elementor-post__card\">\n\t\t\t\t<div class=\"elementor-post__text\">\n\t\t\t\t<h3 class=\"elementor-post__title\">\n\t\t\t<a href=\"https:\/\/helenapsicologa.com.br\/index.php\/2025\/07\/16\/cerebro-e-transtornos-psiquiatricos-a-ciencia-alem-das-conexoes-neurais\/\" >\n\t\t\t\tC\u00e9rebro e Transtornos Psiqui\u00e1tricos: a ci\u00eancia al\u00e9m das conex\u00f5es neurais\t\t\t<\/a>\n\t\t<\/h3>\n\t\t\t\t<div class=\"elementor-post__excerpt\">\n\t\t\t<p>estudos associam varia\u00e7\u00f5es na conectividade cerebral a transtornos mentais, mas apontam efeitos modestos. Apesar de manchetes sensacionalistas, a psicologia refor\u00e7a que compreender o sofrimento humano requer mais do que dados: exige escuta, v\u00ednculo e acolhimento sens\u00edvel. Conte\u00fado adaptado da psic\u00f3loga Juliana Belo Diniz (@julianabelodiniz).<\/p>\n\t\t<\/div>\n\t\t\n\t\t<a class=\"elementor-post__read-more\" href=\"https:\/\/helenapsicologa.com.br\/index.php\/2025\/07\/16\/cerebro-e-transtornos-psiquiatricos-a-ciencia-alem-das-conexoes-neurais\/\" aria-label=\"Read more about C\u00e9rebro e Transtornos Psiqui\u00e1tricos: a ci\u00eancia al\u00e9m das conex\u00f5es neurais\" tabindex=\"-1\" >\n\t\t\tLeia mais\t\t<\/a>\n\n\t\t\t\t<\/div>\n\t\t\t\t\t<\/div>\n\t\t<\/article>\n\t\t\t\t<article class=\"elementor-post elementor-grid-item post-501 post type-post status-publish format-standard hentry category-artigos-e-noticias\">\n\t\t\t<div class=\"elementor-post__card\">\n\t\t\t\t<div class=\"elementor-post__text\">\n\t\t\t\t<h3 class=\"elementor-post__title\">\n\t\t\t<a href=\"https:\/\/helenapsicologa.com.br\/index.php\/2025\/07\/16\/limites-da-inteligencia-artificial-na-psicoterapia-presenca-humana-e-insubstituivel\/\" >\n\t\t\t\tLimites da Intelig\u00eancia Artificial na Psicoterapia: presen\u00e7a humana \u00e9 insubstitu\u00edvel\t\t\t<\/a>\n\t\t<\/h3>\n\t\t\t\t<div class=\"elementor-post__excerpt\">\n\t\t\t<p>Apesar do avan\u00e7o da Intelig\u00eancia Artificial em \u00e1reas como sa\u00fade mental, a psicoterapia exige mais do que respostas r\u00e1pidas: requer presen\u00e7a, escuta, afeto e constru\u00e7\u00e3o de v\u00ednculo. O artigo da Folha de S.Paulo questiona o uso de IA como substituta do cuidado cl\u00ednico e refor\u00e7a o valor insubstitu\u00edvel da rela\u00e7\u00e3o terap\u00eautica.<\/p>\n\t\t<\/div>\n\t\t\n\t\t<a class=\"elementor-post__read-more\" href=\"https:\/\/helenapsicologa.com.br\/index.php\/2025\/07\/16\/limites-da-inteligencia-artificial-na-psicoterapia-presenca-humana-e-insubstituivel\/\" aria-label=\"Read more about Limites da Intelig\u00eancia Artificial na Psicoterapia: presen\u00e7a humana \u00e9 insubstitu\u00edvel\" tabindex=\"-1\" >\n\t\t\tLeia mais\t\t<\/a>\n\n\t\t\t\t<\/div>\n\t\t\t\t\t<\/div>\n\t\t<\/article>\n\t\t\t\t<article class=\"elementor-post elementor-grid-item post-499 post type-post status-publish format-standard hentry category-artigos-e-noticias\">\n\t\t\t<div class=\"elementor-post__card\">\n\t\t\t\t<div class=\"elementor-post__text\">\n\t\t\t\t<h3 class=\"elementor-post__title\">\n\t\t\t<a href=\"https:\/\/helenapsicologa.com.br\/index.php\/2025\/07\/16\/transtorno-de-personalidade-borderline-entre-limites-escuta-e-cuidado\/\" >\n\t\t\t\tTranstorno de Personalidade Borderline: entre limites, escuta e cuidado\t\t\t<\/a>\n\t\t<\/h3>\n\t\t\t\t<div class=\"elementor-post__excerpt\">\n\t\t\t<p>O transtorno de personalidade borderline, retratado no filme Garota, Interrompida, revela um sofrimento ps\u00edquico complexo que envolve quest\u00f5es biol\u00f3gicas, emocionais e sociais. A psicoterapia \u00e9 um espa\u00e7o essencial para compreender esses limites e oferecer escuta qualificada, cuidado e reconstru\u00e7\u00e3o de v\u00ednculos.<\/p>\n\t\t<\/div>\n\t\t\n\t\t<a class=\"elementor-post__read-more\" href=\"https:\/\/helenapsicologa.com.br\/index.php\/2025\/07\/16\/transtorno-de-personalidade-borderline-entre-limites-escuta-e-cuidado\/\" aria-label=\"Read more about Transtorno de Personalidade Borderline: entre limites, escuta e cuidado\" tabindex=\"-1\" >\n\t\t\tLeia mais\t\t<\/a>\n\n\t\t\t\t<\/div>\n\t\t\t\t\t<\/div>\n\t\t<\/article>\n\t\t\t\t<article class=\"elementor-post elementor-grid-item post-497 post type-post status-publish format-standard hentry category-artigos-e-noticias\">\n\t\t\t<div class=\"elementor-post__card\">\n\t\t\t\t<div class=\"elementor-post__text\">\n\t\t\t\t<h3 class=\"elementor-post__title\">\n\t\t\t<a href=\"https:\/\/helenapsicologa.com.br\/index.php\/2025\/07\/16\/espiritualidade-e-psicologia-um-caminho-humanizado-para-compreender-o-ser\/\" >\n\t\t\t\tEspiritualidade e Psicologia: um caminho humanizado para compreender o ser\t\t\t<\/a>\n\t\t<\/h3>\n\t\t\t\t<div class=\"elementor-post__excerpt\">\n\t\t\t<p>A psic\u00f3loga Helena de Oliva apresenta uma perspectiva sens\u00edvel e cl\u00ednica da espiritualidade, destacando sua relev\u00e2ncia na psicoterapia. O texto fundamenta-se em pesquisas que mostram a influ\u00eancia de pr\u00e1ticas contemplativas na sa\u00fade mental e coloca a rela\u00e7\u00e3o terap\u00eautica como espa\u00e7o de cuidado integral. O conte\u00fado original \u00e9 da Iluminar Psicologia<\/p>\n\t\t<\/div>\n\t\t\n\t\t<a class=\"elementor-post__read-more\" href=\"https:\/\/helenapsicologa.com.br\/index.php\/2025\/07\/16\/espiritualidade-e-psicologia-um-caminho-humanizado-para-compreender-o-ser\/\" aria-label=\"Read more about Espiritualidade e Psicologia: um caminho humanizado para compreender o ser\" tabindex=\"-1\" >\n\t\t\tLeia mais\t\t<\/a>\n\n\t\t\t\t<\/div>\n\t\t\t\t\t<\/div>\n\t\t<\/article>\n\t\t\t\t<article class=\"elementor-post elementor-grid-item post-477 post type-post status-publish format-standard hentry category-artigos-e-noticias\">\n\t\t\t<div class=\"elementor-post__card\">\n\t\t\t\t<div class=\"elementor-post__text\">\n\t\t\t\t<h3 class=\"elementor-post__title\">\n\t\t\t<a href=\"https:\/\/helenapsicologa.com.br\/index.php\/2025\/07\/15\/inteligencia-artificial-no-exercicio-da-psicologia-reflexoes-eticas-e-cuidados-necessarios\/\" >\n\t\t\t\tIntelig\u00eancia Artificial na Psicologia: \u00c9tica, Cuidado e os Limites do Humano\t\t\t<\/a>\n\t\t<\/h3>\n\t\t\t\t<div class=\"elementor-post__excerpt\">\n\t\t\t<p>O Conselho Federal de Psicologia (CFP) divulgou um posicionamento sobre o uso da Intelig\u00eancia Artificial na pr\u00e1tica psicol\u00f3gica, destacando que, embora tecnologias possam apoiar o trabalho cl\u00ednico, a escuta humana, o v\u00ednculo terap\u00eautico e o cuidado \u00e9tico s\u00e3o insubstitu\u00edveis. O uso de IA exige crit\u00e9rios rigorosos e nunca deve comprometer a integridade da rela\u00e7\u00e3o entre profissional e paciente.<\/p>\n\t\t<\/div>\n\t\t\n\t\t<a class=\"elementor-post__read-more\" href=\"https:\/\/helenapsicologa.com.br\/index.php\/2025\/07\/15\/inteligencia-artificial-no-exercicio-da-psicologia-reflexoes-eticas-e-cuidados-necessarios\/\" aria-label=\"Read more about Intelig\u00eancia Artificial na Psicologia: \u00c9tica, Cuidado e os Limites do Humano\" tabindex=\"-1\" >\n\t\t\tLeia mais\t\t<\/a>\n\n\t\t\t\t<\/div>\n\t\t\t\t\t<\/div>\n\t\t<\/article>\n\t\t\t\t<\/div>\n\t\t\n\t\t\t\t\t\t<\/div>\n\t\t\t\t<\/div>\n\t\t\t\t\t<\/div>\n\t\t\t\t<\/div>\n\t\t\t\t<\/div>\n\t\t","protected":false},"excerpt":{"rendered":"<p>Artigos<\/p>\n","protected":false},"author":1,"featured_media":0,"parent":0,"menu_order":0,"comment_status":"closed","ping_status":"closed","template":"","meta":{"site-sidebar-layout":"no-sidebar","site-content-layout":"","ast-site-content-layout":"full-width-container","site-content-style":"default","site-sidebar-style":"default","ast-global-header-display":"","ast-banner-title-visibility":"","ast-main-header-display":"","ast-hfb-above-header-display":"","ast-hfb-below-header-display":"","ast-hfb-mobile-header-display":"","site-post-title":"disabled","ast-breadcrumbs-content":"","ast-featured-img":"disabled","footer-sml-layout":"","theme-transparent-header-meta":"","adv-header-id-meta":"","stick-header-meta":"","header-above-stick-meta":"","header-main-stick-meta":"","header-below-stick-meta":"","astra-migrate-meta-layouts":"default","ast-page-background-enabled":"default","ast-page-background-meta":{"desktop":{"background-color":"var(--ast-global-color-5)","background-image":"","background-repeat":"repeat","background-position":"center center","background-size":"auto","background-attachment":"scroll","background-type":"","background-media":"","overlay-type":"","overlay-color":"","overlay-opacity":"","overlay-gradient":""},"tablet":{"background-color":"","background-image":"","background-repeat":"repeat","background-position":"center center","background-size":"auto","background-attachment":"scroll","background-type":"","background-media":"","overlay-type":"","overlay-color":"","overlay-opacity":"","overlay-gradient":""},"mobile":{"background-color":"","background-image":"","background-repeat":"repeat","background-position":"center center","background-size":"auto","background-attachment":"scroll","background-type":"","background-media":"","overlay-type":"","overlay-color":"","overlay-opacity":"","overlay-gradient":""}},"ast-content-background-meta":{"desktop":{"background-color":"var(--ast-global-color-4)","background-image":"","background-repeat":"repeat","background-position":"center center","background-size":"auto","background-attachment":"scroll","background-type":"","background-media":"","overlay-type":"","overlay-color":"","overlay-opacity":"","overlay-gradient":""},"tablet":{"background-color":"var(--ast-global-color-4)","background-image":"","background-repeat":"repeat","background-position":"center center","background-size":"auto","background-attachment":"scroll","background-type":"","background-media":"","overlay-type":"","overlay-color":"","overlay-opacity":"","overlay-gradient":""},"mobile":{"background-color":"var(--ast-global-color-4)","background-image":"","background-repeat":"repeat","background-position":"center center","background-size":"auto","background-attachment":"scroll","background-type":"","background-media":"","overlay-type":"","overlay-color":"","overlay-opacity":"","overlay-gradient":""}},"footnotes":""},"class_list":["post-157","page","type-page","status-publish","hentry"],"yoast_head":"<!-- This site is optimized with the Yoast SEO plugin v25.5 - https:\/\/yoast.com\/wordpress\/plugins\/seo\/ -->\n<title>Artigos - Helena de Oliva | Psic\u00f3loga<\/title>\n<meta name=\"robots\" content=\"index, follow, max-snippet:-1, max-image-preview:large, max-video-preview:-1\" \/>\n<link rel=\"canonical\" href=\"https:\/\/helenapsicologa.com.br\/index.php\/elementor-pagina-157\/\" \/>\n<meta property=\"og:locale\" content=\"pt_BR\" \/>\n<meta property=\"og:type\" content=\"article\" \/>\n<meta property=\"og:title\" content=\"Artigos - Helena de Oliva | Psic\u00f3loga\" \/>\n<meta property=\"og:description\" content=\"Artigos\" \/>\n<meta property=\"og:url\" content=\"https:\/\/helenapsicologa.com.br\/index.php\/elementor-pagina-157\/\" \/>\n<meta property=\"og:site_name\" content=\"Helena de Oliva | Psic\u00f3loga\" \/>\n<meta property=\"article:modified_time\" content=\"2025-07-21T17:31:18+00:00\" \/>\n<meta name=\"twitter:card\" content=\"summary_large_image\" \/>\n<meta name=\"twitter:label1\" content=\"Est. tempo de leitura\" \/>\n\t<meta name=\"twitter:data1\" content=\"2 minutos\" \/>\n<script type=\"application\/ld+json\" class=\"yoast-schema-graph\">{\"@context\":\"https:\/\/schema.org\",\"@graph\":[{\"@type\":\"WebPage\",\"@id\":\"https:\/\/helenapsicologa.com.br\/index.php\/elementor-pagina-157\/\",\"url\":\"https:\/\/helenapsicologa.com.br\/index.php\/elementor-pagina-157\/\",\"name\":\"Artigos - Helena de Oliva | Psic\u00f3loga\",\"isPartOf\":{\"@id\":\"https:\/\/helenapsicologa.com.br\/#website\"},\"datePublished\":\"2025-05-28T18:59:05+00:00\",\"dateModified\":\"2025-07-21T17:31:18+00:00\",\"breadcrumb\":{\"@id\":\"https:\/\/helenapsicologa.com.br\/index.php\/elementor-pagina-157\/#breadcrumb\"},\"inLanguage\":\"pt-BR\",\"potentialAction\":[{\"@type\":\"ReadAction\",\"target\":[\"https:\/\/helenapsicologa.com.br\/index.php\/elementor-pagina-157\/\"]}]},{\"@type\":\"BreadcrumbList\",\"@id\":\"https:\/\/helenapsicologa.com.br\/index.php\/elementor-pagina-157\/#breadcrumb\",\"itemListElement\":[{\"@type\":\"ListItem\",\"position\":1,\"name\":\"In\u00edcio\",\"item\":\"https:\/\/helenapsicologa.com.br\/\"},{\"@type\":\"ListItem\",\"position\":2,\"name\":\"Artigos\"}]},{\"@type\":\"WebSite\",\"@id\":\"https:\/\/helenapsicologa.com.br\/#website\",\"url\":\"https:\/\/helenapsicologa.com.br\/\",\"name\":\"Helena de Oliva | Psic\u00f3loga\",\"description\":\"Atendimento psicol\u00f3gico para todas as idades, com foco em ansiedade, depress\u00e3o, luto, traumas, v\u00edcios, viol\u00eancia de g\u00eanero, interna\u00e7\u00e3o hospitalar e autoconhecimento\",\"publisher\":{\"@id\":\"https:\/\/helenapsicologa.com.br\/#organization\"},\"potentialAction\":[{\"@type\":\"SearchAction\",\"target\":{\"@type\":\"EntryPoint\",\"urlTemplate\":\"https:\/\/helenapsicologa.com.br\/?s={search_term_string}\"},\"query-input\":{\"@type\":\"PropertyValueSpecification\",\"valueRequired\":true,\"valueName\":\"search_term_string\"}}],\"inLanguage\":\"pt-BR\"},{\"@type\":\"Organization\",\"@id\":\"https:\/\/helenapsicologa.com.br\/#organization\",\"name\":\"Helena de Oliva | Psic\u00f3loga\",\"url\":\"https:\/\/helenapsicologa.com.br\/\",\"logo\":{\"@type\":\"ImageObject\",\"inLanguage\":\"pt-BR\",\"@id\":\"https:\/\/helenapsicologa.com.br\/#\/schema\/logo\/image\/\",\"url\":\"https:\/\/helenapsicologa.com.br\/wp-content\/uploads\/2025\/05\/Ativo-1.svg\",\"contentUrl\":\"https:\/\/helenapsicologa.com.br\/wp-content\/uploads\/2025\/05\/Ativo-1.svg\",\"width\":1536,\"height\":496,\"caption\":\"Helena de Oliva | Psic\u00f3loga\"},\"image\":{\"@id\":\"https:\/\/helenapsicologa.com.br\/#\/schema\/logo\/image\/\"}}]}<\/script>\n<!-- \/ Yoast SEO plugin. -->","yoast_head_json":{"title":"Artigos - Helena de Oliva | Psic\u00f3loga","robots":{"index":"index","follow":"follow","max-snippet":"max-snippet:-1","max-image-preview":"max-image-preview:large","max-video-preview":"max-video-preview:-1"},"canonical":"https:\/\/helenapsicologa.com.br\/index.php\/elementor-pagina-157\/","og_locale":"pt_BR","og_type":"article","og_title":"Artigos - Helena de Oliva | Psic\u00f3loga","og_description":"Artigos","og_url":"https:\/\/helenapsicologa.com.br\/index.php\/elementor-pagina-157\/","og_site_name":"Helena de Oliva | Psic\u00f3loga","article_modified_time":"2025-07-21T17:31:18+00:00","twitter_card":"summary_large_image","twitter_misc":{"Est. tempo de leitura":"2 minutos"},"schema":{"@context":"https:\/\/schema.org","@graph":[{"@type":"WebPage","@id":"https:\/\/helenapsicologa.com.br\/index.php\/elementor-pagina-157\/","url":"https:\/\/helenapsicologa.com.br\/index.php\/elementor-pagina-157\/","name":"Artigos - Helena de Oliva | Psic\u00f3loga","isPartOf":{"@id":"https:\/\/helenapsicologa.com.br\/#website"},"datePublished":"2025-05-28T18:59:05+00:00","dateModified":"2025-07-21T17:31:18+00:00","breadcrumb":{"@id":"https:\/\/helenapsicologa.com.br\/index.php\/elementor-pagina-157\/#breadcrumb"},"inLanguage":"pt-BR","potentialAction":[{"@type":"ReadAction","target":["https:\/\/helenapsicologa.com.br\/index.php\/elementor-pagina-157\/"]}]},{"@type":"BreadcrumbList","@id":"https:\/\/helenapsicologa.com.br\/index.php\/elementor-pagina-157\/#breadcrumb","itemListElement":[{"@type":"ListItem","position":1,"name":"In\u00edcio","item":"https:\/\/helenapsicologa.com.br\/"},{"@type":"ListItem","position":2,"name":"Artigos"}]},{"@type":"WebSite","@id":"https:\/\/helenapsicologa.com.br\/#website","url":"https:\/\/helenapsicologa.com.br\/","name":"Helena de Oliva | Psic\u00f3loga","description":"Atendimento psicol\u00f3gico para todas as idades, com foco em ansiedade, depress\u00e3o, luto, traumas, v\u00edcios, viol\u00eancia de g\u00eanero, interna\u00e7\u00e3o hospitalar e autoconhecimento","publisher":{"@id":"https:\/\/helenapsicologa.com.br\/#organization"},"potentialAction":[{"@type":"SearchAction","target":{"@type":"EntryPoint","urlTemplate":"https:\/\/helenapsicologa.com.br\/?s={search_term_string}"},"query-input":{"@type":"PropertyValueSpecification","valueRequired":true,"valueName":"search_term_string"}}],"inLanguage":"pt-BR"},{"@type":"Organization","@id":"https:\/\/helenapsicologa.com.br\/#organization","name":"Helena de Oliva | Psic\u00f3loga","url":"https:\/\/helenapsicologa.com.br\/","logo":{"@type":"ImageObject","inLanguage":"pt-BR","@id":"https:\/\/helenapsicologa.com.br\/#\/schema\/logo\/image\/","url":"https:\/\/helenapsicologa.com.br\/wp-content\/uploads\/2025\/05\/Ativo-1.svg","contentUrl":"https:\/\/helenapsicologa.com.br\/wp-content\/uploads\/2025\/05\/Ativo-1.svg","width":1536,"height":496,"caption":"Helena de Oliva | Psic\u00f3loga"},"image":{"@id":"https:\/\/helenapsicologa.com.br\/#\/schema\/logo\/image\/"}}]}},"_links":{"self":[{"href":"https:\/\/helenapsicologa.com.br\/index.php\/wp-json\/wp\/v2\/pages\/157","targetHints":{"allow":["GET"]}}],"collection":[{"href":"https:\/\/helenapsicologa.com.br\/index.php\/wp-json\/wp\/v2\/pages"}],"about":[{"href":"https:\/\/helenapsicologa.com.br\/index.php\/wp-json\/wp\/v2\/types\/page"}],"author":[{"embeddable":true,"href":"https:\/\/helenapsicologa.com.br\/index.php\/wp-json\/wp\/v2\/users\/1"}],"replies":[{"embeddable":true,"href":"https:\/\/helenapsicologa.com.br\/index.php\/wp-json\/wp\/v2\/comments?post=157"}],"version-history":[{"count":25,"href":"https:\/\/helenapsicologa.com.br\/index.php\/wp-json\/wp\/v2\/pages\/157\/revisions"}],"predecessor-version":[{"id":594,"href":"https:\/\/helenapsicologa.com.br\/index.php\/wp-json\/wp\/v2\/pages\/157\/revisions\/594"}],"wp:attachment":[{"href":"https:\/\/helenapsicologa.com.br\/index.php\/wp-json\/wp\/v2\/media?parent=157"}],"curies":[{"name":"wp","href":"https:\/\/api.w.org\/{rel}","templated":true}]}}