{"id":155,"date":"2025-05-28T15:17:35","date_gmt":"2025-05-28T18:17:35","guid":{"rendered":"http:\/\/helenapsicologa.comercial.ws\/?page_id=155"},"modified":"2025-07-21T14:36:55","modified_gmt":"2025-07-21T17:36:55","slug":"referencias","status":"publish","type":"page","link":"https:\/\/helenapsicologa.com.br\/index.php\/referencias\/","title":{"rendered":"Refer\u00eancias"},"content":{"rendered":"\t\t<div data-elementor-type=\"wp-page\" data-elementor-id=\"155\" class=\"elementor elementor-155\" data-elementor-post-type=\"page\">\n\t\t\t\t<div class=\"elementor-element elementor-element-affbcf2 e-flex e-con-boxed e-con e-parent\" data-id=\"affbcf2\" data-element_type=\"container\">\n\t\t\t\t\t<div class=\"e-con-inner\">\n\t\t<div class=\"elementor-element elementor-element-5e7cf1b e-con-full e-flex e-con e-child\" data-id=\"5e7cf1b\" data-element_type=\"container\">\n\t\t\t\t<div class=\"elementor-element elementor-element-feae95d elementor-widget elementor-widget-heading\" data-id=\"feae95d\" data-element_type=\"widget\" data-widget_type=\"heading.default\">\n\t\t\t\t<div class=\"elementor-widget-container\">\n\t\t\t\t\t<h2 class=\"elementor-heading-title elementor-size-default\">Refer\u00eancias<\/h2>\t\t\t\t<\/div>\n\t\t\t\t<\/div>\n\t\t\t\t<\/div>\n\t\t<div class=\"elementor-element elementor-element-be2e6cd e-con-full e-flex e-con e-child\" data-id=\"be2e6cd\" data-element_type=\"container\">\n\t\t\t\t<div class=\"elementor-element elementor-element-4715f08 elementor-widget elementor-widget-heading\" data-id=\"4715f08\" data-element_type=\"widget\" data-widget_type=\"heading.default\">\n\t\t\t\t<div class=\"elementor-widget-container\">\n\t\t\t\t\t<h2 class=\"elementor-heading-title elementor-size-default\">Forma\u00e7\u00e3o Acad\u00eamica<\/h2>\t\t\t\t<\/div>\n\t\t\t\t<\/div>\n\t\t\t\t<div class=\"elementor-element elementor-element-15e715a elementor-widget elementor-widget-text-editor\" data-id=\"15e715a\" data-element_type=\"widget\" data-widget_type=\"text-editor.default\">\n\t\t\t\t<div class=\"elementor-widget-container\">\n\t\t\t\t\t\t\t\t\t<p><strong data-start=\"209\" data-end=\"236\">Gradua\u00e7\u00e3o em Psicologia<br \/><\/strong>Centro Universit\u00e1rio das Faculdades Metropolitanas Unidas<br \/>Ago\/2003 a Jun\/2008<\/p>\t\t\t\t\t\t\t\t<\/div>\n\t\t\t\t<\/div>\n\t\t\t\t<\/div>\n\t\t<div class=\"elementor-element elementor-element-3981a91 e-con-full e-flex e-con e-child\" data-id=\"3981a91\" data-element_type=\"container\">\n\t\t\t\t<div class=\"elementor-element elementor-element-1c7d2f1 elementor-widget elementor-widget-heading\" data-id=\"1c7d2f1\" data-element_type=\"widget\" data-widget_type=\"heading.default\">\n\t\t\t\t<div class=\"elementor-widget-container\">\n\t\t\t\t\t<h2 class=\"elementor-heading-title elementor-size-default\"><strong data-start=\"291\" data-end=\"327\">P\u00f3s-Gradua\u00e7\u00f5es e Especializa\u00e7\u00f5es<\/strong><\/h2>\t\t\t\t<\/div>\n\t\t\t\t<\/div>\n\t\t\t\t<div class=\"elementor-element elementor-element-abedd51 elementor-widget elementor-widget-text-editor\" data-id=\"abedd51\" data-element_type=\"widget\" data-widget_type=\"text-editor.default\">\n\t\t\t\t<div class=\"elementor-widget-container\">\n\t\t\t\t\t\t\t\t\t<p data-start=\"334\" data-end=\"498\"><strong data-start=\"334\" data-end=\"424\">Aprimoramento e Especializa\u00e7\u00e3o em Psicologia Cl\u00ednica Hospitalar Aplicada \u00e0 Cardiologia<\/strong><br data-start=\"424\" data-end=\"427\" \/>Instituto do Cora\u00e7\u00e3o \u2013 InCor-HCFMUSP<br data-start=\"463\" data-end=\"466\" \/>Mar\/2009 a Fev\/2010 (1700 horas)<\/p><p data-start=\"500\" data-end=\"607\"><strong data-start=\"500\" data-end=\"561\">P\u00f3s-Gradua\u00e7\u00e3o Lato Sensu \u2013 Psicologia Anal\u00edtica Junguiana<\/strong><br data-start=\"561\" data-end=\"564\" \/>(Abordagem Junguiana)<br data-start=\"585\" data-end=\"588\" \/>Mar\/2022 a Jun\/2024<\/p><p data-start=\"609\" data-end=\"696\"><strong data-start=\"609\" data-end=\"670\">Programa de Aprimoramento Cl\u00ednico em Psicologia Anal\u00edtica<\/strong><br data-start=\"670\" data-end=\"673\" \/>Fev\/2025 (em andamento)<\/p><p data-start=\"698\" data-end=\"856\"><strong data-start=\"698\" data-end=\"792\">P\u00f3s-Gradua\u00e7\u00e3o Stricto Sensu (Mestrado \u2013 n\u00e3o conclu\u00eddo) \u2013 Psicologia das Contemporaneidades<\/strong><br data-start=\"792\" data-end=\"795\" \/>Pontif\u00edcia Universidade Cat\u00f3lica de S\u00e3o Paulo (PUC-SP)<br data-start=\"849\" data-end=\"852\" \/>2018<\/p>\t\t\t\t\t\t\t\t<\/div>\n\t\t\t\t<\/div>\n\t\t\t\t<\/div>\n\t\t<div class=\"elementor-element elementor-element-4bbb3d2 e-con-full e-flex e-con e-child\" data-id=\"4bbb3d2\" data-element_type=\"container\">\n\t\t\t\t<div class=\"elementor-element elementor-element-3d9aca0 elementor-widget elementor-widget-heading\" data-id=\"3d9aca0\" data-element_type=\"widget\" data-widget_type=\"heading.default\">\n\t\t\t\t<div class=\"elementor-widget-container\">\n\t\t\t\t\t<h2 class=\"elementor-heading-title elementor-size-default\">Cursos de Extens\u00e3o e Aperfei\u00e7oamento<\/h2>\t\t\t\t<\/div>\n\t\t\t\t<\/div>\n\t\t\t\t<div class=\"elementor-element elementor-element-39abb69 elementor-widget elementor-widget-text-editor\" data-id=\"39abb69\" data-element_type=\"widget\" data-widget_type=\"text-editor.default\">\n\t\t\t\t<div class=\"elementor-widget-container\">\n\t\t\t\t\t\t\t\t\t<p data-start=\"909\" data-end=\"1032\"><strong data-start=\"909\" data-end=\"981\">Curso de Aperfei\u00e7oamento \u2013 Cl\u00ednica Psicanal\u00edtica: Conflito e Sintoma<\/strong><br data-start=\"981\" data-end=\"984\" \/>Instituto Sedes Sapientiae<br data-start=\"1010\" data-end=\"1013\" \/>Mar\/2010 a Dez\/2011<\/p><p data-start=\"1034\" data-end=\"1163\"><strong data-start=\"1034\" data-end=\"1112\">Curso de Desenvolvimento do Racioc\u00ednio Cl\u00ednico na Pr\u00e1tica Psicoterap\u00eautica<\/strong><br data-start=\"1112\" data-end=\"1115\" \/>Instituto Sedes Sapientiae<br data-start=\"1141\" data-end=\"1144\" \/>Ago\/2017 (30 horas)<\/p><p data-start=\"1165\" data-end=\"1260\"><strong data-start=\"1165\" data-end=\"1222\">Curso de Atualiza\u00e7\u00e3o em Psicologia Infantil Junguiana<\/strong><br data-start=\"1222\" data-end=\"1225\" \/>Instituto Freedom<br data-start=\"1242\" data-end=\"1245\" \/>2019 (34 horas)<\/p><p data-start=\"1262\" data-end=\"1330\"><strong data-start=\"1262\" data-end=\"1323\">Curso de Extens\u00e3o \u2013 Alquimia e Psicologia Junguiana (EAD)<\/strong><br data-start=\"1323\" data-end=\"1326\" \/>2020<\/p><p data-start=\"1332\" data-end=\"1408\"><strong data-start=\"1332\" data-end=\"1394\">Curso de Forma\u00e7\u00e3o em Eutonia (m\u00e9todo de trabalho corporal)<\/strong><br data-start=\"1394\" data-end=\"1397\" \/>2014 a 2017<\/p><p data-start=\"1410\" data-end=\"1558\"><strong data-start=\"1410\" data-end=\"1496\">Curso de Expans\u00e3o \u2013 Jogos, Din\u00e2micas de Grupo e Recursos para Trabalho Comunit\u00e1rio<\/strong><br data-start=\"1496\" data-end=\"1499\" \/>Instituto Sedes Sapientiae<br data-start=\"1525\" data-end=\"1528\" \/>Abr\/2013 a Jun\/2013 (30 horas)<\/p><p data-start=\"1560\" data-end=\"1704\"><strong data-start=\"1560\" data-end=\"1598\">Curso Agentes do Brincar Inclusivo<\/strong><br data-start=\"1598\" data-end=\"1601\" \/>IPA, Centro Paula Souza, Funda\u00e7\u00e3o de Apoio \u00e0 Tecnologia e Terre des Hommes Brasil<br data-start=\"1682\" data-end=\"1685\" \/>Out\/2016 (30 horas)<\/p>\t\t\t\t\t\t\t\t<\/div>\n\t\t\t\t<\/div>\n\t\t\t\t<\/div>\n\t\t<div class=\"elementor-element elementor-element-af44f1d e-con-full e-flex e-con e-child\" data-id=\"af44f1d\" data-element_type=\"container\">\n\t\t\t\t<div class=\"elementor-element elementor-element-c80ce23 elementor-widget elementor-widget-heading\" data-id=\"c80ce23\" data-element_type=\"widget\" data-widget_type=\"heading.default\">\n\t\t\t\t<div class=\"elementor-widget-container\">\n\t\t\t\t\t<h2 class=\"elementor-heading-title elementor-size-default\">Curso Complementar<\/h2>\t\t\t\t<\/div>\n\t\t\t\t<\/div>\n\t\t\t\t<div class=\"elementor-element elementor-element-2374fe8 elementor-widget elementor-widget-text-editor\" data-id=\"2374fe8\" data-element_type=\"widget\" data-widget_type=\"text-editor.default\">\n\t\t\t\t<div class=\"elementor-widget-container\">\n\t\t\t\t\t\t\t\t\t<p data-start=\"909\" data-end=\"1032\"><strong data-start=\"1739\" data-end=\"1803\">Intensivo de Libras \u2013 L\u00edngua Brasileira de Sinais (M\u00f3dulo I)<\/strong><br data-start=\"1803\" data-end=\"1806\" \/>Mar\/2015 (40 horas)<\/p>\t\t\t\t\t\t\t\t<\/div>\n\t\t\t\t<\/div>\n\t\t\t\t<\/div>\n\t\t\t\t\t<\/div>\n\t\t\t\t<\/div>\n\t\t<div class=\"elementor-element elementor-element-5eee83c e-flex e-con-boxed e-con e-parent\" data-id=\"5eee83c\" data-element_type=\"container\" data-settings=\"{&quot;background_background&quot;:&quot;classic&quot;}\">\n\t\t\t\t\t<div class=\"e-con-inner\">\n\t\t<div class=\"elementor-element elementor-element-b638c38 e-con-full e-flex e-con e-child\" data-id=\"b638c38\" data-element_type=\"container\" data-settings=\"{&quot;background_background&quot;:&quot;classic&quot;}\">\n\t\t\t\t<div class=\"elementor-element elementor-element-f2259c3 elementor-widget elementor-widget-image\" data-id=\"f2259c3\" data-element_type=\"widget\" data-widget_type=\"image.default\">\n\t\t\t\t<div class=\"elementor-widget-container\">\n\t\t\t\t\t\t\t\t\t\t\t\t\t\t\t<img fetchpriority=\"high\" decoding=\"async\" width=\"1024\" height=\"1024\" src=\"https:\/\/helenapsicologa.com.br\/wp-content\/uploads\/2025\/07\/ChatGPT-Image-14-de-jul.-de-2025-15_25_48.png\" class=\"attachment-large size-large wp-image-567\" alt=\"\" srcset=\"https:\/\/helenapsicologa.com.br\/wp-content\/uploads\/2025\/07\/ChatGPT-Image-14-de-jul.-de-2025-15_25_48.png 1024w, https:\/\/helenapsicologa.com.br\/wp-content\/uploads\/2025\/07\/ChatGPT-Image-14-de-jul.-de-2025-15_25_48-300x300.png 300w, https:\/\/helenapsicologa.com.br\/wp-content\/uploads\/2025\/07\/ChatGPT-Image-14-de-jul.-de-2025-15_25_48-150x150.png 150w, https:\/\/helenapsicologa.com.br\/wp-content\/uploads\/2025\/07\/ChatGPT-Image-14-de-jul.-de-2025-15_25_48-768x768.png 768w\" sizes=\"(max-width: 1024px) 100vw, 1024px\" \/>\t\t\t\t\t\t\t\t\t\t\t\t\t\t\t<\/div>\n\t\t\t\t<\/div>\n\t\t\t\t<\/div>\n\t\t<div class=\"elementor-element elementor-element-efcab2a e-con-full e-flex e-con e-child\" data-id=\"efcab2a\" data-element_type=\"container\" data-settings=\"{&quot;background_background&quot;:&quot;classic&quot;}\">\n\t\t\t\t<div class=\"elementor-element elementor-element-6823cb4 elementor-widget elementor-widget-heading\" data-id=\"6823cb4\" data-element_type=\"widget\" data-widget_type=\"heading.default\">\n\t\t\t\t<div class=\"elementor-widget-container\">\n\t\t\t\t\t<h2 class=\"elementor-heading-title elementor-size-default\">\"S\u00f3 aquilo que somos realmente tem o poder de nos curar.\u201d - C.G. Jung<\/h2>\t\t\t\t<\/div>\n\t\t\t\t<\/div>\n\t\t\t\t<\/div>\n\t\t\t\t\t<\/div>\n\t\t\t\t<\/div>\n\t\t\t\t<\/div>\n\t\t","protected":false},"excerpt":{"rendered":"<p>Refer\u00eancias Forma\u00e7\u00e3o Acad\u00eamica Gradua\u00e7\u00e3o em PsicologiaCentro Universit\u00e1rio das Faculdades Metropolitanas UnidasAgo\/2003 a Jun\/2008 P\u00f3s-Gradua\u00e7\u00f5es e Especializa\u00e7\u00f5es Aprimoramento e Especializa\u00e7\u00e3o em [&hellip;]<\/p>\n","protected":false},"author":1,"featured_media":0,"parent":0,"menu_order":0,"comment_status":"closed","ping_status":"closed","template":"","meta":{"site-sidebar-layout":"no-sidebar","site-content-layout":"","ast-site-content-layout":"full-width-container","site-content-style":"default","site-sidebar-style":"default","ast-global-header-display":"","ast-banner-title-visibility":"","ast-main-header-display":"","ast-hfb-above-header-display":"","ast-hfb-below-header-display":"","ast-hfb-mobile-header-display":"","site-post-title":"disabled","ast-breadcrumbs-content":"","ast-featured-img":"disabled","footer-sml-layout":"","theme-transparent-header-meta":"","adv-header-id-meta":"","stick-header-meta":"","header-above-stick-meta":"","header-main-stick-meta":"","header-below-stick-meta":"","astra-migrate-meta-layouts":"default","ast-page-background-enabled":"default","ast-page-background-meta":{"desktop":{"background-color":"var(--ast-global-color-5)","background-image":"","background-repeat":"repeat","background-position":"center center","background-size":"auto","background-attachment":"scroll","background-type":"","background-media":"","overlay-type":"","overlay-color":"","overlay-opacity":"","overlay-gradient":""},"tablet":{"background-color":"","background-image":"","background-repeat":"repeat","background-position":"center center","background-size":"auto","background-attachment":"scroll","background-type":"","background-media":"","overlay-type":"","overlay-color":"","overlay-opacity":"","overlay-gradient":""},"mobile":{"background-color":"","background-image":"","background-repeat":"repeat","background-position":"center center","background-size":"auto","background-attachment":"scroll","background-type":"","background-media":"","overlay-type":"","overlay-color":"","overlay-opacity":"","overlay-gradient":""}},"ast-content-background-meta":{"desktop":{"background-color":"var(--ast-global-color-4)","background-image":"","background-repeat":"repeat","background-position":"center center","background-size":"auto","background-attachment":"scroll","background-type":"","background-media":"","overlay-type":"","overlay-color":"","overlay-opacity":"","overlay-gradient":""},"tablet":{"background-color":"var(--ast-global-color-4)","background-image":"","background-repeat":"repeat","background-position":"center center","background-size":"auto","background-attachment":"scroll","background-type":"","background-media":"","overlay-type":"","overlay-color":"","overlay-opacity":"","overlay-gradient":""},"mobile":{"background-color":"var(--ast-global-color-4)","background-image":"","background-repeat":"repeat","background-position":"center center","background-size":"auto","background-attachment":"scroll","background-type":"","background-media":"","overlay-type":"","overlay-color":"","overlay-opacity":"","overlay-gradient":""}},"footnotes":""},"class_list":["post-155","page","type-page","status-publish","hentry"],"yoast_head":"<!-- This site is optimized with the Yoast SEO plugin v25.5 - https:\/\/yoast.com\/wordpress\/plugins\/seo\/ -->\n<title>Refer\u00eancias - Helena de Oliva | Psic\u00f3loga<\/title>\n<meta name=\"robots\" content=\"index, follow, max-snippet:-1, max-image-preview:large, max-video-preview:-1\" \/>\n<link rel=\"canonical\" href=\"https:\/\/helenapsicologa.com.br\/index.php\/referencias\/\" \/>\n<meta property=\"og:locale\" content=\"pt_BR\" \/>\n<meta property=\"og:type\" content=\"article\" \/>\n<meta property=\"og:title\" content=\"Refer\u00eancias - Helena de Oliva | Psic\u00f3loga\" \/>\n<meta property=\"og:description\" content=\"Refer\u00eancias Forma\u00e7\u00e3o Acad\u00eamica Gradua\u00e7\u00e3o em PsicologiaCentro Universit\u00e1rio das Faculdades Metropolitanas UnidasAgo\/2003 a Jun\/2008 P\u00f3s-Gradua\u00e7\u00f5es e Especializa\u00e7\u00f5es Aprimoramento e Especializa\u00e7\u00e3o em [&hellip;]\" \/>\n<meta property=\"og:url\" content=\"https:\/\/helenapsicologa.com.br\/index.php\/referencias\/\" \/>\n<meta property=\"og:site_name\" content=\"Helena de Oliva | Psic\u00f3loga\" \/>\n<meta property=\"article:modified_time\" content=\"2025-07-21T17:36:55+00:00\" \/>\n<meta property=\"og:image\" content=\"http:\/\/helenapsicologa.comercial.ws\/wp-content\/uploads\/2025\/07\/ChatGPT-Image-14-de-jul.-de-2025-15_25_48.png\" \/>\n<meta name=\"twitter:card\" content=\"summary_large_image\" \/>\n<meta name=\"twitter:label1\" content=\"Est. tempo de leitura\" \/>\n\t<meta name=\"twitter:data1\" content=\"2 minutos\" \/>\n<script type=\"application\/ld+json\" class=\"yoast-schema-graph\">{\"@context\":\"https:\/\/schema.org\",\"@graph\":[{\"@type\":\"WebPage\",\"@id\":\"https:\/\/helenapsicologa.com.br\/index.php\/referencias\/\",\"url\":\"https:\/\/helenapsicologa.com.br\/index.php\/referencias\/\",\"name\":\"Refer\u00eancias - Helena de Oliva | Psic\u00f3loga\",\"isPartOf\":{\"@id\":\"https:\/\/helenapsicologa.com.br\/#website\"},\"primaryImageOfPage\":{\"@id\":\"https:\/\/helenapsicologa.com.br\/index.php\/referencias\/#primaryimage\"},\"image\":{\"@id\":\"https:\/\/helenapsicologa.com.br\/index.php\/referencias\/#primaryimage\"},\"thumbnailUrl\":\"http:\/\/helenapsicologa.comercial.ws\/wp-content\/uploads\/2025\/07\/ChatGPT-Image-14-de-jul.-de-2025-15_25_48.png\",\"datePublished\":\"2025-05-28T18:17:35+00:00\",\"dateModified\":\"2025-07-21T17:36:55+00:00\",\"breadcrumb\":{\"@id\":\"https:\/\/helenapsicologa.com.br\/index.php\/referencias\/#breadcrumb\"},\"inLanguage\":\"pt-BR\",\"potentialAction\":[{\"@type\":\"ReadAction\",\"target\":[\"https:\/\/helenapsicologa.com.br\/index.php\/referencias\/\"]}]},{\"@type\":\"ImageObject\",\"inLanguage\":\"pt-BR\",\"@id\":\"https:\/\/helenapsicologa.com.br\/index.php\/referencias\/#primaryimage\",\"url\":\"http:\/\/helenapsicologa.comercial.ws\/wp-content\/uploads\/2025\/07\/ChatGPT-Image-14-de-jul.-de-2025-15_25_48.png\",\"contentUrl\":\"http:\/\/helenapsicologa.comercial.ws\/wp-content\/uploads\/2025\/07\/ChatGPT-Image-14-de-jul.-de-2025-15_25_48.png\"},{\"@type\":\"BreadcrumbList\",\"@id\":\"https:\/\/helenapsicologa.com.br\/index.php\/referencias\/#breadcrumb\",\"itemListElement\":[{\"@type\":\"ListItem\",\"position\":1,\"name\":\"In\u00edcio\",\"item\":\"https:\/\/helenapsicologa.com.br\/\"},{\"@type\":\"ListItem\",\"position\":2,\"name\":\"Refer\u00eancias\"}]},{\"@type\":\"WebSite\",\"@id\":\"https:\/\/helenapsicologa.com.br\/#website\",\"url\":\"https:\/\/helenapsicologa.com.br\/\",\"name\":\"Helena de Oliva | Psic\u00f3loga\",\"description\":\"Atendimento psicol\u00f3gico para todas as idades, com foco em ansiedade, depress\u00e3o, luto, traumas, v\u00edcios, viol\u00eancia de g\u00eanero, interna\u00e7\u00e3o hospitalar e autoconhecimento\",\"publisher\":{\"@id\":\"https:\/\/helenapsicologa.com.br\/#organization\"},\"potentialAction\":[{\"@type\":\"SearchAction\",\"target\":{\"@type\":\"EntryPoint\",\"urlTemplate\":\"https:\/\/helenapsicologa.com.br\/?s={search_term_string}\"},\"query-input\":{\"@type\":\"PropertyValueSpecification\",\"valueRequired\":true,\"valueName\":\"search_term_string\"}}],\"inLanguage\":\"pt-BR\"},{\"@type\":\"Organization\",\"@id\":\"https:\/\/helenapsicologa.com.br\/#organization\",\"name\":\"Helena de Oliva | Psic\u00f3loga\",\"url\":\"https:\/\/helenapsicologa.com.br\/\",\"logo\":{\"@type\":\"ImageObject\",\"inLanguage\":\"pt-BR\",\"@id\":\"https:\/\/helenapsicologa.com.br\/#\/schema\/logo\/image\/\",\"url\":\"https:\/\/helenapsicologa.com.br\/wp-content\/uploads\/2025\/05\/Ativo-1.svg\",\"contentUrl\":\"https:\/\/helenapsicologa.com.br\/wp-content\/uploads\/2025\/05\/Ativo-1.svg\",\"width\":1536,\"height\":496,\"caption\":\"Helena de Oliva | Psic\u00f3loga\"},\"image\":{\"@id\":\"https:\/\/helenapsicologa.com.br\/#\/schema\/logo\/image\/\"}}]}<\/script>\n<!-- \/ Yoast SEO plugin. -->","yoast_head_json":{"title":"Refer\u00eancias - Helena de Oliva | Psic\u00f3loga","robots":{"index":"index","follow":"follow","max-snippet":"max-snippet:-1","max-image-preview":"max-image-preview:large","max-video-preview":"max-video-preview:-1"},"canonical":"https:\/\/helenapsicologa.com.br\/index.php\/referencias\/","og_locale":"pt_BR","og_type":"article","og_title":"Refer\u00eancias - Helena de Oliva | Psic\u00f3loga","og_description":"Refer\u00eancias Forma\u00e7\u00e3o Acad\u00eamica Gradua\u00e7\u00e3o em PsicologiaCentro Universit\u00e1rio das Faculdades Metropolitanas UnidasAgo\/2003 a Jun\/2008 P\u00f3s-Gradua\u00e7\u00f5es e Especializa\u00e7\u00f5es Aprimoramento e Especializa\u00e7\u00e3o em [&hellip;]","og_url":"https:\/\/helenapsicologa.com.br\/index.php\/referencias\/","og_site_name":"Helena de Oliva | Psic\u00f3loga","article_modified_time":"2025-07-21T17:36:55+00:00","og_image":[{"url":"http:\/\/helenapsicologa.comercial.ws\/wp-content\/uploads\/2025\/07\/ChatGPT-Image-14-de-jul.-de-2025-15_25_48.png","type":"","width":"","height":""}],"twitter_card":"summary_large_image","twitter_misc":{"Est. tempo de leitura":"2 minutos"},"schema":{"@context":"https:\/\/schema.org","@graph":[{"@type":"WebPage","@id":"https:\/\/helenapsicologa.com.br\/index.php\/referencias\/","url":"https:\/\/helenapsicologa.com.br\/index.php\/referencias\/","name":"Refer\u00eancias - Helena de Oliva | Psic\u00f3loga","isPartOf":{"@id":"https:\/\/helenapsicologa.com.br\/#website"},"primaryImageOfPage":{"@id":"https:\/\/helenapsicologa.com.br\/index.php\/referencias\/#primaryimage"},"image":{"@id":"https:\/\/helenapsicologa.com.br\/index.php\/referencias\/#primaryimage"},"thumbnailUrl":"http:\/\/helenapsicologa.comercial.ws\/wp-content\/uploads\/2025\/07\/ChatGPT-Image-14-de-jul.-de-2025-15_25_48.png","datePublished":"2025-05-28T18:17:35+00:00","dateModified":"2025-07-21T17:36:55+00:00","breadcrumb":{"@id":"https:\/\/helenapsicologa.com.br\/index.php\/referencias\/#breadcrumb"},"inLanguage":"pt-BR","potentialAction":[{"@type":"ReadAction","target":["https:\/\/helenapsicologa.com.br\/index.php\/referencias\/"]}]},{"@type":"ImageObject","inLanguage":"pt-BR","@id":"https:\/\/helenapsicologa.com.br\/index.php\/referencias\/#primaryimage","url":"http:\/\/helenapsicologa.comercial.ws\/wp-content\/uploads\/2025\/07\/ChatGPT-Image-14-de-jul.-de-2025-15_25_48.png","contentUrl":"http:\/\/helenapsicologa.comercial.ws\/wp-content\/uploads\/2025\/07\/ChatGPT-Image-14-de-jul.-de-2025-15_25_48.png"},{"@type":"BreadcrumbList","@id":"https:\/\/helenapsicologa.com.br\/index.php\/referencias\/#breadcrumb","itemListElement":[{"@type":"ListItem","position":1,"name":"In\u00edcio","item":"https:\/\/helenapsicologa.com.br\/"},{"@type":"ListItem","position":2,"name":"Refer\u00eancias"}]},{"@type":"WebSite","@id":"https:\/\/helenapsicologa.com.br\/#website","url":"https:\/\/helenapsicologa.com.br\/","name":"Helena de Oliva | Psic\u00f3loga","description":"Atendimento psicol\u00f3gico para todas as idades, com foco em ansiedade, depress\u00e3o, luto, traumas, v\u00edcios, viol\u00eancia de g\u00eanero, interna\u00e7\u00e3o hospitalar e autoconhecimento","publisher":{"@id":"https:\/\/helenapsicologa.com.br\/#organization"},"potentialAction":[{"@type":"SearchAction","target":{"@type":"EntryPoint","urlTemplate":"https:\/\/helenapsicologa.com.br\/?s={search_term_string}"},"query-input":{"@type":"PropertyValueSpecification","valueRequired":true,"valueName":"search_term_string"}}],"inLanguage":"pt-BR"},{"@type":"Organization","@id":"https:\/\/helenapsicologa.com.br\/#organization","name":"Helena de Oliva | Psic\u00f3loga","url":"https:\/\/helenapsicologa.com.br\/","logo":{"@type":"ImageObject","inLanguage":"pt-BR","@id":"https:\/\/helenapsicologa.com.br\/#\/schema\/logo\/image\/","url":"https:\/\/helenapsicologa.com.br\/wp-content\/uploads\/2025\/05\/Ativo-1.svg","contentUrl":"https:\/\/helenapsicologa.com.br\/wp-content\/uploads\/2025\/05\/Ativo-1.svg","width":1536,"height":496,"caption":"Helena de Oliva | Psic\u00f3loga"},"image":{"@id":"https:\/\/helenapsicologa.com.br\/#\/schema\/logo\/image\/"}}]}},"_links":{"self":[{"href":"https:\/\/helenapsicologa.com.br\/index.php\/wp-json\/wp\/v2\/pages\/155","targetHints":{"allow":["GET"]}}],"collection":[{"href":"https:\/\/helenapsicologa.com.br\/index.php\/wp-json\/wp\/v2\/pages"}],"about":[{"href":"https:\/\/helenapsicologa.com.br\/index.php\/wp-json\/wp\/v2\/types\/page"}],"author":[{"embeddable":true,"href":"https:\/\/helenapsicologa.com.br\/index.php\/wp-json\/wp\/v2\/users\/1"}],"replies":[{"embeddable":true,"href":"https:\/\/helenapsicologa.com.br\/index.php\/wp-json\/wp\/v2\/comments?post=155"}],"version-history":[{"count":34,"href":"https:\/\/helenapsicologa.com.br\/index.php\/wp-json\/wp\/v2\/pages\/155\/revisions"}],"predecessor-version":[{"id":603,"href":"https:\/\/helenapsicologa.com.br\/index.php\/wp-json\/wp\/v2\/pages\/155\/revisions\/603"}],"wp:attachment":[{"href":"https:\/\/helenapsicologa.com.br\/index.php\/wp-json\/wp\/v2\/media?parent=155"}],"curies":[{"name":"wp","href":"https:\/\/api.w.org\/{rel}","templated":true}]}}