{"id":136,"date":"2025-05-27T20:32:32","date_gmt":"2025-05-27T23:32:32","guid":{"rendered":"http:\/\/helenapsicologa.comercial.ws\/?page_id=136"},"modified":"2025-07-21T14:35:46","modified_gmt":"2025-07-21T17:35:46","slug":"tratamentos","status":"publish","type":"page","link":"https:\/\/helenapsicologa.com.br\/index.php\/tratamentos\/","title":{"rendered":"Tratamentos"},"content":{"rendered":"\t\t<div data-elementor-type=\"wp-page\" data-elementor-id=\"136\" class=\"elementor elementor-136\" data-elementor-post-type=\"page\">\n\t\t\t\t<div class=\"elementor-element elementor-element-fed6094 e-flex e-con-boxed e-con e-parent\" data-id=\"fed6094\" data-element_type=\"container\">\n\t\t\t\t\t<div class=\"e-con-inner\">\n\t\t<div class=\"elementor-element elementor-element-571292f e-con-full e-flex e-con e-child\" data-id=\"571292f\" data-element_type=\"container\">\n\t\t\t\t<div class=\"elementor-element elementor-element-4b7d65f elementor-widget elementor-widget-heading\" data-id=\"4b7d65f\" data-element_type=\"widget\" data-widget_type=\"heading.default\">\n\t\t\t\t<div class=\"elementor-widget-container\">\n\t\t\t\t\t<h2 class=\"elementor-heading-title elementor-size-default\">Tratamentos e Atendimentos<\/h2>\t\t\t\t<\/div>\n\t\t\t\t<\/div>\n\t\t\t\t<\/div>\n\t\t<div class=\"elementor-element elementor-element-6e72800 e-con-full e-flex e-con e-child\" data-id=\"6e72800\" data-element_type=\"container\" data-settings=\"{&quot;background_background&quot;:&quot;classic&quot;}\">\n\t\t\t\t<\/div>\n\t\t<div class=\"elementor-element elementor-element-ffc9787 e-con-full e-flex e-con e-child\" data-id=\"ffc9787\" data-element_type=\"container\">\n\t\t\t\t<div class=\"elementor-element elementor-element-fe363b9 elementor-widget elementor-widget-text-editor\" data-id=\"fe363b9\" data-element_type=\"widget\" data-widget_type=\"text-editor.default\">\n\t\t\t\t<div class=\"elementor-widget-container\">\n\t\t\t\t\t\t\t\t\t<p data-start=\"208\" data-end=\"389\">Ao longo da vida, todos enfrentamos momentos de dor, confus\u00e3o ou sofrimento ps\u00edquico. Nessas fases, a escuta qualificada e o acompanhamento psicol\u00f3gico podem fazer toda a diferen\u00e7a.<\/p><p data-start=\"391\" data-end=\"608\">Ofere\u00e7o atendimentos cl\u00ednicos individualizados e humanizados para crian\u00e7as, adolescentes, adultos e idosos, com base na abordagem anal\u00edtica. A seguir, algumas das principais quest\u00f5es acolhidas no processo terap\u00eautico:<\/p><ul data-start=\"610\" data-end=\"1872\"><li data-start=\"610\" data-end=\"724\"><p data-start=\"612\" data-end=\"724\"><strong data-start=\"612\" data-end=\"626\">Ansiedade:<\/strong> compreendendo e enfrentando seus gatilhos, promovendo equil\u00edbrio emocional e autogerenciamento.<\/p><\/li><li data-start=\"725\" data-end=\"868\"><p data-start=\"727\" data-end=\"868\"><strong data-start=\"727\" data-end=\"741\">Depress\u00e3o:<\/strong> escuta e cuidado voltados \u00e0 valoriza\u00e7\u00e3o da vida, com foco na preven\u00e7\u00e3o ao suic\u00eddio e na reconstru\u00e7\u00e3o do sentido existencial.<\/p><\/li><li data-start=\"869\" data-end=\"995\"><p data-start=\"871\" data-end=\"995\"><strong data-start=\"871\" data-end=\"906\">Processos de luto e melancolia:<\/strong> acolhimento da dor da perda e suporte para atravessar per\u00edodos de transi\u00e7\u00e3o e saudade.<\/p><\/li><li data-start=\"996\" data-end=\"1142\"><p data-start=\"998\" data-end=\"1142\"><strong data-start=\"998\" data-end=\"1030\">Adi\u00e7\u00e3o, v\u00edcios e compuls\u00f5es:<\/strong> entendimento profundo dos comportamentos repetitivos e autodestrutivos, com foco na restaura\u00e7\u00e3o da autonomia.<\/p><\/li><li data-start=\"1143\" data-end=\"1306\"><p data-start=\"1145\" data-end=\"1306\"><strong data-start=\"1145\" data-end=\"1189\">Integra\u00e7\u00e3o de experi\u00eancias psicod\u00e9licas:<\/strong> apoio para elaborar viv\u00eancias com subst\u00e2ncias de forma segura e \u00e9tica, respeitando a singularidade de cada pessoa.<\/p><\/li><li data-start=\"1307\" data-end=\"1453\"><p data-start=\"1309\" data-end=\"1453\"><strong data-start=\"1309\" data-end=\"1333\">Viol\u00eancia de g\u00eanero:<\/strong> escuta sens\u00edvel e acolhimento de mulheres e pessoas em situa\u00e7\u00e3o de viol\u00eancia f\u00edsica, psicol\u00f3gica, moral ou simb\u00f3lica.<\/p><\/li><li data-start=\"1454\" data-end=\"1555\"><p data-start=\"1456\" data-end=\"1555\"><strong data-start=\"1456\" data-end=\"1468\">Traumas:<\/strong> acompanhamento cuidadoso no reconhecimento e elabora\u00e7\u00e3o de experi\u00eancias traum\u00e1ticas.<\/p><\/li><li data-start=\"1556\" data-end=\"1709\"><p data-start=\"1558\" data-end=\"1709\"><strong data-start=\"1558\" data-end=\"1598\">Adoecimento e interna\u00e7\u00e3o hospitalar:<\/strong> suporte psicol\u00f3gico em processos de diagn\u00f3stico, tratamento, hospitaliza\u00e7\u00e3o ou acompanhamento de familiares.<\/p><\/li><li data-start=\"1710\" data-end=\"1872\"><p data-start=\"1712\" data-end=\"1872\"><strong data-start=\"1712\" data-end=\"1747\">Acolhimento e autoconhecimento:<\/strong> para quem deseja compreender melhor a si mesmo, suas emo\u00e7\u00f5es, escolhas e rela\u00e7\u00f5es, em um espa\u00e7o seguro de escuta e reflex\u00e3o.<\/p><\/li><\/ul><p data-start=\"1874\" data-end=\"2023\">Se voc\u00ea est\u00e1 buscando apoio, saiba que n\u00e3o precisa passar por isso sozinho(a).<br data-start=\"1952\" data-end=\"1955\" \/>Estou aqui para caminhar ao seu lado com escuta, presen\u00e7a e cuidado.<\/p>\t\t\t\t\t\t\t\t<\/div>\n\t\t\t\t<\/div>\n\t\t\t\t<div class=\"elementor-element elementor-element-f69f070 elementor-align-left elementor-widget elementor-widget-button\" data-id=\"f69f070\" data-element_type=\"widget\" data-widget_type=\"button.default\">\n\t\t\t\t<div class=\"elementor-widget-container\">\n\t\t\t\t\t\t\t\t\t<div class=\"elementor-button-wrapper\">\n\t\t\t\t\t<a class=\"elementor-button elementor-button-link elementor-size-sm\" href=\"https:\/\/wa.me\/+5511985759712\" target=\"_blank\">\n\t\t\t\t\t\t<span class=\"elementor-button-content-wrapper\">\n\t\t\t\t\t\t\t\t\t<span class=\"elementor-button-text\">Agende uma sess\u00e3o presencial ou online.<\/span>\n\t\t\t\t\t<\/span>\n\t\t\t\t\t<\/a>\n\t\t\t\t<\/div>\n\t\t\t\t\t\t\t\t<\/div>\n\t\t\t\t<\/div>\n\t\t\t\t<\/div>\n\t\t\t\t\t<\/div>\n\t\t\t\t<\/div>\n\t\t\t\t<\/div>\n\t\t","protected":false},"excerpt":{"rendered":"<p>Tratamentos e Atendimentos Ao longo da vida, todos enfrentamos momentos de dor, confus\u00e3o ou sofrimento ps\u00edquico. Nessas fases, a escuta [&hellip;]<\/p>\n","protected":false},"author":1,"featured_media":0,"parent":0,"menu_order":0,"comment_status":"closed","ping_status":"closed","template":"","meta":{"site-sidebar-layout":"no-sidebar","site-content-layout":"","ast-site-content-layout":"full-width-container","site-content-style":"default","site-sidebar-style":"default","ast-global-header-display":"","ast-banner-title-visibility":"","ast-main-header-display":"","ast-hfb-above-header-display":"","ast-hfb-below-header-display":"","ast-hfb-mobile-header-display":"","site-post-title":"disabled","ast-breadcrumbs-content":"","ast-featured-img":"disabled","footer-sml-layout":"","theme-transparent-header-meta":"","adv-header-id-meta":"","stick-header-meta":"","header-above-stick-meta":"","header-main-stick-meta":"","header-below-stick-meta":"","astra-migrate-meta-layouts":"default","ast-page-background-enabled":"default","ast-page-background-meta":{"desktop":{"background-color":"var(--ast-global-color-5)","background-image":"","background-repeat":"repeat","background-position":"center center","background-size":"auto","background-attachment":"scroll","background-type":"","background-media":"","overlay-type":"","overlay-color":"","overlay-opacity":"","overlay-gradient":""},"tablet":{"background-color":"","background-image":"","background-repeat":"repeat","background-position":"center center","background-size":"auto","background-attachment":"scroll","background-type":"","background-media":"","overlay-type":"","overlay-color":"","overlay-opacity":"","overlay-gradient":""},"mobile":{"background-color":"","background-image":"","background-repeat":"repeat","background-position":"center center","background-size":"auto","background-attachment":"scroll","background-type":"","background-media":"","overlay-type":"","overlay-color":"","overlay-opacity":"","overlay-gradient":""}},"ast-content-background-meta":{"desktop":{"background-color":"var(--ast-global-color-4)","background-image":"","background-repeat":"repeat","background-position":"center center","background-size":"auto","background-attachment":"scroll","background-type":"","background-media":"","overlay-type":"","overlay-color":"","overlay-opacity":"","overlay-gradient":""},"tablet":{"background-color":"var(--ast-global-color-4)","background-image":"","background-repeat":"repeat","background-position":"center center","background-size":"auto","background-attachment":"scroll","background-type":"","background-media":"","overlay-type":"","overlay-color":"","overlay-opacity":"","overlay-gradient":""},"mobile":{"background-color":"var(--ast-global-color-4)","background-image":"","background-repeat":"repeat","background-position":"center center","background-size":"auto","background-attachment":"scroll","background-type":"","background-media":"","overlay-type":"","overlay-color":"","overlay-opacity":"","overlay-gradient":""}},"footnotes":""},"class_list":["post-136","page","type-page","status-publish","hentry"],"yoast_head":"<!-- This site is optimized with the Yoast SEO plugin v25.5 - https:\/\/yoast.com\/wordpress\/plugins\/seo\/ -->\n<title>Tratamentos - Helena de Oliva | Psic\u00f3loga<\/title>\n<meta name=\"robots\" content=\"index, follow, max-snippet:-1, max-image-preview:large, max-video-preview:-1\" \/>\n<link rel=\"canonical\" href=\"https:\/\/helenapsicologa.com.br\/index.php\/tratamentos\/\" \/>\n<meta property=\"og:locale\" content=\"pt_BR\" \/>\n<meta property=\"og:type\" content=\"article\" \/>\n<meta property=\"og:title\" content=\"Tratamentos - Helena de Oliva | Psic\u00f3loga\" \/>\n<meta property=\"og:description\" content=\"Tratamentos e Atendimentos Ao longo da vida, todos enfrentamos momentos de dor, confus\u00e3o ou sofrimento ps\u00edquico. Nessas fases, a escuta [&hellip;]\" \/>\n<meta property=\"og:url\" content=\"https:\/\/helenapsicologa.com.br\/index.php\/tratamentos\/\" \/>\n<meta property=\"og:site_name\" content=\"Helena de Oliva | Psic\u00f3loga\" \/>\n<meta property=\"article:modified_time\" content=\"2025-07-21T17:35:46+00:00\" \/>\n<meta name=\"twitter:card\" content=\"summary_large_image\" \/>\n<meta name=\"twitter:label1\" content=\"Est. tempo de leitura\" \/>\n\t<meta name=\"twitter:data1\" content=\"2 minutos\" \/>\n<script type=\"application\/ld+json\" class=\"yoast-schema-graph\">{\"@context\":\"https:\/\/schema.org\",\"@graph\":[{\"@type\":\"WebPage\",\"@id\":\"https:\/\/helenapsicologa.com.br\/index.php\/tratamentos\/\",\"url\":\"https:\/\/helenapsicologa.com.br\/index.php\/tratamentos\/\",\"name\":\"Tratamentos - Helena de Oliva | Psic\u00f3loga\",\"isPartOf\":{\"@id\":\"https:\/\/helenapsicologa.com.br\/#website\"},\"datePublished\":\"2025-05-27T23:32:32+00:00\",\"dateModified\":\"2025-07-21T17:35:46+00:00\",\"breadcrumb\":{\"@id\":\"https:\/\/helenapsicologa.com.br\/index.php\/tratamentos\/#breadcrumb\"},\"inLanguage\":\"pt-BR\",\"potentialAction\":[{\"@type\":\"ReadAction\",\"target\":[\"https:\/\/helenapsicologa.com.br\/index.php\/tratamentos\/\"]}]},{\"@type\":\"BreadcrumbList\",\"@id\":\"https:\/\/helenapsicologa.com.br\/index.php\/tratamentos\/#breadcrumb\",\"itemListElement\":[{\"@type\":\"ListItem\",\"position\":1,\"name\":\"In\u00edcio\",\"item\":\"https:\/\/helenapsicologa.com.br\/\"},{\"@type\":\"ListItem\",\"position\":2,\"name\":\"Tratamentos\"}]},{\"@type\":\"WebSite\",\"@id\":\"https:\/\/helenapsicologa.com.br\/#website\",\"url\":\"https:\/\/helenapsicologa.com.br\/\",\"name\":\"Helena de Oliva | Psic\u00f3loga\",\"description\":\"Atendimento psicol\u00f3gico para todas as idades, com foco em ansiedade, depress\u00e3o, luto, traumas, v\u00edcios, viol\u00eancia de g\u00eanero, interna\u00e7\u00e3o hospitalar e autoconhecimento\",\"publisher\":{\"@id\":\"https:\/\/helenapsicologa.com.br\/#organization\"},\"potentialAction\":[{\"@type\":\"SearchAction\",\"target\":{\"@type\":\"EntryPoint\",\"urlTemplate\":\"https:\/\/helenapsicologa.com.br\/?s={search_term_string}\"},\"query-input\":{\"@type\":\"PropertyValueSpecification\",\"valueRequired\":true,\"valueName\":\"search_term_string\"}}],\"inLanguage\":\"pt-BR\"},{\"@type\":\"Organization\",\"@id\":\"https:\/\/helenapsicologa.com.br\/#organization\",\"name\":\"Helena de Oliva | Psic\u00f3loga\",\"url\":\"https:\/\/helenapsicologa.com.br\/\",\"logo\":{\"@type\":\"ImageObject\",\"inLanguage\":\"pt-BR\",\"@id\":\"https:\/\/helenapsicologa.com.br\/#\/schema\/logo\/image\/\",\"url\":\"https:\/\/helenapsicologa.com.br\/wp-content\/uploads\/2025\/05\/Ativo-1.svg\",\"contentUrl\":\"https:\/\/helenapsicologa.com.br\/wp-content\/uploads\/2025\/05\/Ativo-1.svg\",\"width\":1536,\"height\":496,\"caption\":\"Helena de Oliva | Psic\u00f3loga\"},\"image\":{\"@id\":\"https:\/\/helenapsicologa.com.br\/#\/schema\/logo\/image\/\"}}]}<\/script>\n<!-- \/ Yoast SEO plugin. -->","yoast_head_json":{"title":"Tratamentos - Helena de Oliva | Psic\u00f3loga","robots":{"index":"index","follow":"follow","max-snippet":"max-snippet:-1","max-image-preview":"max-image-preview:large","max-video-preview":"max-video-preview:-1"},"canonical":"https:\/\/helenapsicologa.com.br\/index.php\/tratamentos\/","og_locale":"pt_BR","og_type":"article","og_title":"Tratamentos - Helena de Oliva | Psic\u00f3loga","og_description":"Tratamentos e Atendimentos Ao longo da vida, todos enfrentamos momentos de dor, confus\u00e3o ou sofrimento ps\u00edquico. Nessas fases, a escuta [&hellip;]","og_url":"https:\/\/helenapsicologa.com.br\/index.php\/tratamentos\/","og_site_name":"Helena de Oliva | Psic\u00f3loga","article_modified_time":"2025-07-21T17:35:46+00:00","twitter_card":"summary_large_image","twitter_misc":{"Est. tempo de leitura":"2 minutos"},"schema":{"@context":"https:\/\/schema.org","@graph":[{"@type":"WebPage","@id":"https:\/\/helenapsicologa.com.br\/index.php\/tratamentos\/","url":"https:\/\/helenapsicologa.com.br\/index.php\/tratamentos\/","name":"Tratamentos - Helena de Oliva | Psic\u00f3loga","isPartOf":{"@id":"https:\/\/helenapsicologa.com.br\/#website"},"datePublished":"2025-05-27T23:32:32+00:00","dateModified":"2025-07-21T17:35:46+00:00","breadcrumb":{"@id":"https:\/\/helenapsicologa.com.br\/index.php\/tratamentos\/#breadcrumb"},"inLanguage":"pt-BR","potentialAction":[{"@type":"ReadAction","target":["https:\/\/helenapsicologa.com.br\/index.php\/tratamentos\/"]}]},{"@type":"BreadcrumbList","@id":"https:\/\/helenapsicologa.com.br\/index.php\/tratamentos\/#breadcrumb","itemListElement":[{"@type":"ListItem","position":1,"name":"In\u00edcio","item":"https:\/\/helenapsicologa.com.br\/"},{"@type":"ListItem","position":2,"name":"Tratamentos"}]},{"@type":"WebSite","@id":"https:\/\/helenapsicologa.com.br\/#website","url":"https:\/\/helenapsicologa.com.br\/","name":"Helena de Oliva | Psic\u00f3loga","description":"Atendimento psicol\u00f3gico para todas as idades, com foco em ansiedade, depress\u00e3o, luto, traumas, v\u00edcios, viol\u00eancia de g\u00eanero, interna\u00e7\u00e3o hospitalar e autoconhecimento","publisher":{"@id":"https:\/\/helenapsicologa.com.br\/#organization"},"potentialAction":[{"@type":"SearchAction","target":{"@type":"EntryPoint","urlTemplate":"https:\/\/helenapsicologa.com.br\/?s={search_term_string}"},"query-input":{"@type":"PropertyValueSpecification","valueRequired":true,"valueName":"search_term_string"}}],"inLanguage":"pt-BR"},{"@type":"Organization","@id":"https:\/\/helenapsicologa.com.br\/#organization","name":"Helena de Oliva | Psic\u00f3loga","url":"https:\/\/helenapsicologa.com.br\/","logo":{"@type":"ImageObject","inLanguage":"pt-BR","@id":"https:\/\/helenapsicologa.com.br\/#\/schema\/logo\/image\/","url":"https:\/\/helenapsicologa.com.br\/wp-content\/uploads\/2025\/05\/Ativo-1.svg","contentUrl":"https:\/\/helenapsicologa.com.br\/wp-content\/uploads\/2025\/05\/Ativo-1.svg","width":1536,"height":496,"caption":"Helena de Oliva | Psic\u00f3loga"},"image":{"@id":"https:\/\/helenapsicologa.com.br\/#\/schema\/logo\/image\/"}}]}},"_links":{"self":[{"href":"https:\/\/helenapsicologa.com.br\/index.php\/wp-json\/wp\/v2\/pages\/136","targetHints":{"allow":["GET"]}}],"collection":[{"href":"https:\/\/helenapsicologa.com.br\/index.php\/wp-json\/wp\/v2\/pages"}],"about":[{"href":"https:\/\/helenapsicologa.com.br\/index.php\/wp-json\/wp\/v2\/types\/page"}],"author":[{"embeddable":true,"href":"https:\/\/helenapsicologa.com.br\/index.php\/wp-json\/wp\/v2\/users\/1"}],"replies":[{"embeddable":true,"href":"https:\/\/helenapsicologa.com.br\/index.php\/wp-json\/wp\/v2\/comments?post=136"}],"version-history":[{"count":31,"href":"https:\/\/helenapsicologa.com.br\/index.php\/wp-json\/wp\/v2\/pages\/136\/revisions"}],"predecessor-version":[{"id":600,"href":"https:\/\/helenapsicologa.com.br\/index.php\/wp-json\/wp\/v2\/pages\/136\/revisions\/600"}],"wp:attachment":[{"href":"https:\/\/helenapsicologa.com.br\/index.php\/wp-json\/wp\/v2\/media?parent=136"}],"curies":[{"name":"wp","href":"https:\/\/api.w.org\/{rel}","templated":true}]}}