{"id":106,"date":"2025-05-27T19:11:41","date_gmt":"2025-05-27T22:11:41","guid":{"rendered":"http:\/\/helenapsicologa.comercial.ws\/?page_id=106"},"modified":"2025-07-21T14:34:53","modified_gmt":"2025-07-21T17:34:53","slug":"a-psicologa","status":"publish","type":"page","link":"https:\/\/helenapsicologa.com.br\/index.php\/a-psicologa\/","title":{"rendered":"A Psic\u00f3loga"},"content":{"rendered":"\t\t<div data-elementor-type=\"wp-page\" data-elementor-id=\"106\" class=\"elementor elementor-106\" data-elementor-post-type=\"page\">\n\t\t\t\t<div class=\"elementor-element elementor-element-b10433d e-flex e-con-boxed e-con e-parent\" data-id=\"b10433d\" data-element_type=\"container\">\n\t\t\t\t\t<div class=\"e-con-inner\">\n\t\t<div class=\"elementor-element elementor-element-31d1a7a e-con-full e-flex e-con e-child\" data-id=\"31d1a7a\" data-element_type=\"container\">\n\t\t<div class=\"elementor-element elementor-element-3da5fb5 e-con-full e-flex e-con e-child\" data-id=\"3da5fb5\" data-element_type=\"container\" data-settings=\"{&quot;background_background&quot;:&quot;classic&quot;}\">\n\t\t\t\t<\/div>\n\t\t<div class=\"elementor-element elementor-element-6d8f032 e-con-full e-flex e-con e-child\" data-id=\"6d8f032\" data-element_type=\"container\">\n\t\t<div class=\"elementor-element elementor-element-a7b34a8 e-con-full e-flex e-con e-child\" data-id=\"a7b34a8\" data-element_type=\"container\">\n\t\t\t\t<div class=\"elementor-element elementor-element-a584815 elementor-widget elementor-widget-heading\" data-id=\"a584815\" data-element_type=\"widget\" data-widget_type=\"heading.default\">\n\t\t\t\t<div class=\"elementor-widget-container\">\n\t\t\t\t\t<h1 class=\"elementor-heading-title elementor-size-default\">A Psic\u00f3loga<\/h1>\t\t\t\t<\/div>\n\t\t\t\t<\/div>\n\t\t\t\t<div class=\"elementor-element elementor-element-57d113b elementor-widget elementor-widget-heading\" data-id=\"57d113b\" data-element_type=\"widget\" data-widget_type=\"heading.default\">\n\t\t\t\t<div class=\"elementor-widget-container\">\n\t\t\t\t\t<h2 class=\"elementor-heading-title elementor-size-default\">Helena de Oliva Rizzieri<\/h2>\t\t\t\t<\/div>\n\t\t\t\t<\/div>\n\t\t\t\t<\/div>\n\t\t<div class=\"elementor-element elementor-element-e10eb7d e-con-full e-flex e-con e-child\" data-id=\"e10eb7d\" data-element_type=\"container\">\n\t\t\t\t<div class=\"elementor-element elementor-element-82342df elementor-widget elementor-widget-text-editor\" data-id=\"82342df\" data-element_type=\"widget\" data-widget_type=\"text-editor.default\">\n\t\t\t\t<div class=\"elementor-widget-container\">\n\t\t\t\t\t\t\t\t\t<p data-start=\"244\" data-end=\"720\">Sou psic\u00f3loga com forma\u00e7\u00e3o s\u00f3lida e especializa\u00e7\u00e3o em Psicologia Hospitalar e Cl\u00ednica. Ao longo de 20 anos de trajet\u00f3ria, atuei em diferentes frentes \u2014 assist\u00eancia, pesquisa e ensino \u2014 e realizei mais de 10.000 atendimentos em contextos hospitalares e cl\u00ednicos, tanto individuais quanto em grupo. Atualmente, atendo como psic\u00f3loga anal\u00edtica, oferecendo acolhimento presencial em S\u00e3o Paulo (Brooklin e Sumar\u00e9) e tamb\u00e9m on-line, inclusive para brasileiros que vivem no exterior.<\/p>\t\t\t\t\t\t\t\t<\/div>\n\t\t\t\t<\/div>\n\t\t\t\t<\/div>\n\t\t\t\t<\/div>\n\t\t\t\t<\/div>\n\t\t\t\t\t<\/div>\n\t\t\t\t<\/div>\n\t\t<div class=\"elementor-element elementor-element-7242d13 e-flex e-con-boxed e-con e-parent\" data-id=\"7242d13\" data-element_type=\"container\">\n\t\t\t\t\t<div class=\"e-con-inner\">\n\t\t<div class=\"elementor-element elementor-element-46280b0 e-con-full e-flex e-con e-child\" data-id=\"46280b0\" data-element_type=\"container\">\n\t\t<div class=\"elementor-element elementor-element-4d49b46 e-con-full e-flex e-con e-child\" data-id=\"4d49b46\" data-element_type=\"container\">\n\t\t<div class=\"elementor-element elementor-element-edcc77c e-con-full e-flex e-con e-child\" data-id=\"edcc77c\" data-element_type=\"container\" data-settings=\"{&quot;background_background&quot;:&quot;classic&quot;}\">\n\t\t\t\t<\/div>\n\t\t<div class=\"elementor-element elementor-element-90c846a e-con-full e-flex e-con e-child\" data-id=\"90c846a\" data-element_type=\"container\">\n\t\t<div class=\"elementor-element elementor-element-51f57a2 e-con-full e-flex e-con e-child\" data-id=\"51f57a2\" data-element_type=\"container\">\n\t\t\t\t<div class=\"elementor-element elementor-element-6381262 elementor-widget elementor-widget-text-editor\" data-id=\"6381262\" data-element_type=\"widget\" data-widget_type=\"text-editor.default\">\n\t\t\t\t<div class=\"elementor-widget-container\">\n\t\t\t\t\t\t\t\t\t<p>Acolher com escuta qualificada e \u00e9tica aqueles que buscam cuidar de sua sa\u00fade mental. Auxiliar no al\u00edvio do sofrimento, no enfrentamento de crises e na jornada de autoconhecimento, promovendo bem-estar ps\u00edquico e desenvolvimento pessoal.<\/p>\t\t\t\t\t\t\t\t<\/div>\n\t\t\t\t<\/div>\n\t\t\t\t<div class=\"elementor-element elementor-element-26fbc5c elementor-widget elementor-widget-heading\" data-id=\"26fbc5c\" data-element_type=\"widget\" data-widget_type=\"heading.default\">\n\t\t\t\t<div class=\"elementor-widget-container\">\n\t\t\t\t\t<h3 class=\"elementor-heading-title elementor-size-default\">Miss\u00e3o<\/h3>\t\t\t\t<\/div>\n\t\t\t\t<\/div>\n\t\t\t\t<\/div>\n\t\t\t\t<\/div>\n\t\t\t\t<\/div>\n\t\t\t\t<\/div>\n\t\t\t\t\t<\/div>\n\t\t\t\t<\/div>\n\t\t<div class=\"elementor-element elementor-element-90ea307 e-flex e-con-boxed e-con e-parent\" data-id=\"90ea307\" data-element_type=\"container\">\n\t\t\t\t\t<div class=\"e-con-inner\">\n\t\t<div class=\"elementor-element elementor-element-1e70581 e-con-full e-flex e-con e-child\" data-id=\"1e70581\" data-element_type=\"container\" data-settings=\"{&quot;background_background&quot;:&quot;classic&quot;}\">\n\t\t\t\t<\/div>\n\t\t<div class=\"elementor-element elementor-element-e20b4d7 e-con-full e-flex e-con e-child\" data-id=\"e20b4d7\" data-element_type=\"container\">\n\t\t<div class=\"elementor-element elementor-element-7657060 e-con-full e-flex e-con e-child\" data-id=\"7657060\" data-element_type=\"container\">\n\t\t\t\t<div class=\"elementor-element elementor-element-c00e654 elementor-widget elementor-widget-heading\" data-id=\"c00e654\" data-element_type=\"widget\" data-widget_type=\"heading.default\">\n\t\t\t\t<div class=\"elementor-widget-container\">\n\t\t\t\t\t<h3 class=\"elementor-heading-title elementor-size-default\">Diferenciais<\/h3>\t\t\t\t<\/div>\n\t\t\t\t<\/div>\n\t\t\t\t<div class=\"elementor-element elementor-element-1c9a275 elementor-widget elementor-widget-text-editor\" data-id=\"1c9a275\" data-element_type=\"widget\" data-widget_type=\"text-editor.default\">\n\t\t\t\t<div class=\"elementor-widget-container\">\n\t\t\t\t\t\t\t\t\t<ul><li data-start=\"1016\" data-end=\"1095\"><p data-start=\"1018\" data-end=\"1095\">Experi\u00eancia cl\u00ednica e hospitalar com mais de 10.000 atendimentos realizados<\/p><\/li><li data-start=\"1096\" data-end=\"1177\"><p data-start=\"1098\" data-end=\"1177\">Atua\u00e7\u00e3o com todas as faixas et\u00e1rias: crian\u00e7as, adolescentes, adultos e idosos<\/p><\/li><li data-start=\"1178\" data-end=\"1505\"><p data-start=\"1180\" data-end=\"1505\">Especializa\u00e7\u00e3o no cuidado de quest\u00f5es como:<br \/>\u2022 Ansiedade<br data-start=\"1237\" data-end=\"1240\" \/>\u2022 Depress\u00e3o e preven\u00e7\u00e3o ao suic\u00eddio<br data-start=\"1277\" data-end=\"1280\" \/>\u2022 Luto e melancolia<br data-start=\"1301\" data-end=\"1304\" \/>\u2022 Adi\u00e7\u00f5es e compuls\u00f5es<br data-start=\"1328\" data-end=\"1331\" \/>\u2022 Integra\u00e7\u00e3o de experi\u00eancias psicod\u00e9licas<br data-start=\"1374\" data-end=\"1377\" \/>\u2022 Viol\u00eancia de g\u00eanero<br data-start=\"1400\" data-end=\"1403\" \/>\u2022 Traumas<br data-start=\"1414\" data-end=\"1417\" data-is-only-node=\"\" \/>\u2022 Adoecimento e interna\u00e7\u00e3o hospitalar<br data-start=\"1456\" data-end=\"1459\" \/>\u2022 Acolhimento emocional e autoconhecimento<\/p><\/li><li data-start=\"1506\" data-end=\"1630\"><p data-start=\"1508\" data-end=\"1630\">Atendimentos presenciais em dois polos de S\u00e3o Paulo e tamb\u00e9m no formato on-line (inclusive para brasileiros no exterior)<\/p><\/li><li data-start=\"1631\" data-end=\"1677\"><p data-start=\"1633\" data-end=\"1677\"><u>Disponibilidade para plant\u00f5es psicol\u00f3gicos<\/u><\/p><\/li><\/ul>\t\t\t\t\t\t\t\t<\/div>\n\t\t\t\t<\/div>\n\t\t\t\t<\/div>\n\t\t\t\t<\/div>\n\t\t\t\t\t<\/div>\n\t\t\t\t<\/div>\n\t\t<div class=\"elementor-element elementor-element-31ef08e e-flex e-con-boxed e-con e-parent\" data-id=\"31ef08e\" data-element_type=\"container\">\n\t\t\t\t\t<div class=\"e-con-inner\">\n\t\t\t\t<div class=\"elementor-element elementor-element-bb4a790 elementor-widget elementor-widget-heading\" data-id=\"bb4a790\" data-element_type=\"widget\" data-widget_type=\"heading.default\">\n\t\t\t\t<div class=\"elementor-widget-container\">\n\t\t\t\t\t<h2 class=\"elementor-heading-title elementor-size-default\">Vamos conversar? Clique abaixo e marque seu hor\u00e1rio.<\/h2>\t\t\t\t<\/div>\n\t\t\t\t<\/div>\n\t\t\t\t<div class=\"elementor-element elementor-element-66630e3 elementor-widget elementor-widget-heading\" data-id=\"66630e3\" data-element_type=\"widget\" data-widget_type=\"heading.default\">\n\t\t\t\t<div class=\"elementor-widget-container\">\n\t\t\t\t\t<span class=\"elementor-heading-title elementor-size-default\"><a href=\"https:\/\/wa.me\/+5511985759712\" target=\"_blank\">Agende o seu atendimento \u2192<\/a><\/span>\t\t\t\t<\/div>\n\t\t\t\t<\/div>\n\t\t\t\t\t<\/div>\n\t\t\t\t<\/div>\n\t\t\t\t<\/div>\n\t\t","protected":false},"excerpt":{"rendered":"<p>A Psic\u00f3loga Helena de Oliva Rizzieri Sou psic\u00f3loga com forma\u00e7\u00e3o s\u00f3lida e especializa\u00e7\u00e3o em Psicologia Hospitalar e Cl\u00ednica. Ao longo [&hellip;]<\/p>\n","protected":false},"author":1,"featured_media":0,"parent":0,"menu_order":0,"comment_status":"closed","ping_status":"closed","template":"","meta":{"site-sidebar-layout":"no-sidebar","site-content-layout":"","ast-site-content-layout":"full-width-container","site-content-style":"default","site-sidebar-style":"default","ast-global-header-display":"","ast-banner-title-visibility":"","ast-main-header-display":"","ast-hfb-above-header-display":"","ast-hfb-below-header-display":"","ast-hfb-mobile-header-display":"","site-post-title":"disabled","ast-breadcrumbs-content":"","ast-featured-img":"disabled","footer-sml-layout":"","theme-transparent-header-meta":"","adv-header-id-meta":"","stick-header-meta":"","header-above-stick-meta":"","header-main-stick-meta":"","header-below-stick-meta":"","astra-migrate-meta-layouts":"default","ast-page-background-enabled":"default","ast-page-background-meta":{"desktop":{"background-color":"var(--ast-global-color-5)","background-image":"","background-repeat":"repeat","background-position":"center center","background-size":"auto","background-attachment":"scroll","background-type":"","background-media":"","overlay-type":"","overlay-color":"","overlay-opacity":"","overlay-gradient":""},"tablet":{"background-color":"","background-image":"","background-repeat":"repeat","background-position":"center center","background-size":"auto","background-attachment":"scroll","background-type":"","background-media":"","overlay-type":"","overlay-color":"","overlay-opacity":"","overlay-gradient":""},"mobile":{"background-color":"","background-image":"","background-repeat":"repeat","background-position":"center center","background-size":"auto","background-attachment":"scroll","background-type":"","background-media":"","overlay-type":"","overlay-color":"","overlay-opacity":"","overlay-gradient":""}},"ast-content-background-meta":{"desktop":{"background-color":"var(--ast-global-color-4)","background-image":"","background-repeat":"repeat","background-position":"center center","background-size":"auto","background-attachment":"scroll","background-type":"","background-media":"","overlay-type":"","overlay-color":"","overlay-opacity":"","overlay-gradient":""},"tablet":{"background-color":"var(--ast-global-color-4)","background-image":"","background-repeat":"repeat","background-position":"center center","background-size":"auto","background-attachment":"scroll","background-type":"","background-media":"","overlay-type":"","overlay-color":"","overlay-opacity":"","overlay-gradient":""},"mobile":{"background-color":"var(--ast-global-color-4)","background-image":"","background-repeat":"repeat","background-position":"center center","background-size":"auto","background-attachment":"scroll","background-type":"","background-media":"","overlay-type":"","overlay-color":"","overlay-opacity":"","overlay-gradient":""}},"footnotes":""},"class_list":["post-106","page","type-page","status-publish","hentry"],"yoast_head":"<!-- This site is optimized with the Yoast SEO plugin v25.5 - https:\/\/yoast.com\/wordpress\/plugins\/seo\/ -->\n<title>A Psic\u00f3loga - Helena de Oliva | Psic\u00f3loga<\/title>\n<meta name=\"robots\" content=\"index, follow, max-snippet:-1, max-image-preview:large, max-video-preview:-1\" \/>\n<link rel=\"canonical\" href=\"https:\/\/helenapsicologa.com.br\/index.php\/a-psicologa\/\" \/>\n<meta property=\"og:locale\" content=\"pt_BR\" \/>\n<meta property=\"og:type\" content=\"article\" \/>\n<meta property=\"og:title\" content=\"A Psic\u00f3loga - Helena de Oliva | Psic\u00f3loga\" \/>\n<meta property=\"og:description\" content=\"A Psic\u00f3loga Helena de Oliva Rizzieri Sou psic\u00f3loga com forma\u00e7\u00e3o s\u00f3lida e especializa\u00e7\u00e3o em Psicologia Hospitalar e Cl\u00ednica. Ao longo [&hellip;]\" \/>\n<meta property=\"og:url\" content=\"https:\/\/helenapsicologa.com.br\/index.php\/a-psicologa\/\" \/>\n<meta property=\"og:site_name\" content=\"Helena de Oliva | Psic\u00f3loga\" \/>\n<meta property=\"article:modified_time\" content=\"2025-07-21T17:34:53+00:00\" \/>\n<meta name=\"twitter:card\" content=\"summary_large_image\" \/>\n<meta name=\"twitter:label1\" content=\"Est. tempo de leitura\" \/>\n\t<meta name=\"twitter:data1\" content=\"2 minutos\" \/>\n<script type=\"application\/ld+json\" class=\"yoast-schema-graph\">{\"@context\":\"https:\/\/schema.org\",\"@graph\":[{\"@type\":\"WebPage\",\"@id\":\"https:\/\/helenapsicologa.com.br\/index.php\/a-psicologa\/\",\"url\":\"https:\/\/helenapsicologa.com.br\/index.php\/a-psicologa\/\",\"name\":\"A Psic\u00f3loga - Helena de Oliva | Psic\u00f3loga\",\"isPartOf\":{\"@id\":\"https:\/\/helenapsicologa.com.br\/#website\"},\"datePublished\":\"2025-05-27T22:11:41+00:00\",\"dateModified\":\"2025-07-21T17:34:53+00:00\",\"breadcrumb\":{\"@id\":\"https:\/\/helenapsicologa.com.br\/index.php\/a-psicologa\/#breadcrumb\"},\"inLanguage\":\"pt-BR\",\"potentialAction\":[{\"@type\":\"ReadAction\",\"target\":[\"https:\/\/helenapsicologa.com.br\/index.php\/a-psicologa\/\"]}]},{\"@type\":\"BreadcrumbList\",\"@id\":\"https:\/\/helenapsicologa.com.br\/index.php\/a-psicologa\/#breadcrumb\",\"itemListElement\":[{\"@type\":\"ListItem\",\"position\":1,\"name\":\"In\u00edcio\",\"item\":\"https:\/\/helenapsicologa.com.br\/\"},{\"@type\":\"ListItem\",\"position\":2,\"name\":\"A Psic\u00f3loga\"}]},{\"@type\":\"WebSite\",\"@id\":\"https:\/\/helenapsicologa.com.br\/#website\",\"url\":\"https:\/\/helenapsicologa.com.br\/\",\"name\":\"Helena de Oliva | Psic\u00f3loga\",\"description\":\"Atendimento psicol\u00f3gico para todas as idades, com foco em ansiedade, depress\u00e3o, luto, traumas, v\u00edcios, viol\u00eancia de g\u00eanero, interna\u00e7\u00e3o hospitalar e autoconhecimento\",\"publisher\":{\"@id\":\"https:\/\/helenapsicologa.com.br\/#organization\"},\"potentialAction\":[{\"@type\":\"SearchAction\",\"target\":{\"@type\":\"EntryPoint\",\"urlTemplate\":\"https:\/\/helenapsicologa.com.br\/?s={search_term_string}\"},\"query-input\":{\"@type\":\"PropertyValueSpecification\",\"valueRequired\":true,\"valueName\":\"search_term_string\"}}],\"inLanguage\":\"pt-BR\"},{\"@type\":\"Organization\",\"@id\":\"https:\/\/helenapsicologa.com.br\/#organization\",\"name\":\"Helena de Oliva | Psic\u00f3loga\",\"url\":\"https:\/\/helenapsicologa.com.br\/\",\"logo\":{\"@type\":\"ImageObject\",\"inLanguage\":\"pt-BR\",\"@id\":\"https:\/\/helenapsicologa.com.br\/#\/schema\/logo\/image\/\",\"url\":\"https:\/\/helenapsicologa.com.br\/wp-content\/uploads\/2025\/05\/Ativo-1.svg\",\"contentUrl\":\"https:\/\/helenapsicologa.com.br\/wp-content\/uploads\/2025\/05\/Ativo-1.svg\",\"width\":1536,\"height\":496,\"caption\":\"Helena de Oliva | Psic\u00f3loga\"},\"image\":{\"@id\":\"https:\/\/helenapsicologa.com.br\/#\/schema\/logo\/image\/\"}}]}<\/script>\n<!-- \/ Yoast SEO plugin. -->","yoast_head_json":{"title":"A Psic\u00f3loga - Helena de Oliva | Psic\u00f3loga","robots":{"index":"index","follow":"follow","max-snippet":"max-snippet:-1","max-image-preview":"max-image-preview:large","max-video-preview":"max-video-preview:-1"},"canonical":"https:\/\/helenapsicologa.com.br\/index.php\/a-psicologa\/","og_locale":"pt_BR","og_type":"article","og_title":"A Psic\u00f3loga - Helena de Oliva | Psic\u00f3loga","og_description":"A Psic\u00f3loga Helena de Oliva Rizzieri Sou psic\u00f3loga com forma\u00e7\u00e3o s\u00f3lida e especializa\u00e7\u00e3o em Psicologia Hospitalar e Cl\u00ednica. Ao longo [&hellip;]","og_url":"https:\/\/helenapsicologa.com.br\/index.php\/a-psicologa\/","og_site_name":"Helena de Oliva | Psic\u00f3loga","article_modified_time":"2025-07-21T17:34:53+00:00","twitter_card":"summary_large_image","twitter_misc":{"Est. tempo de leitura":"2 minutos"},"schema":{"@context":"https:\/\/schema.org","@graph":[{"@type":"WebPage","@id":"https:\/\/helenapsicologa.com.br\/index.php\/a-psicologa\/","url":"https:\/\/helenapsicologa.com.br\/index.php\/a-psicologa\/","name":"A Psic\u00f3loga - Helena de Oliva | Psic\u00f3loga","isPartOf":{"@id":"https:\/\/helenapsicologa.com.br\/#website"},"datePublished":"2025-05-27T22:11:41+00:00","dateModified":"2025-07-21T17:34:53+00:00","breadcrumb":{"@id":"https:\/\/helenapsicologa.com.br\/index.php\/a-psicologa\/#breadcrumb"},"inLanguage":"pt-BR","potentialAction":[{"@type":"ReadAction","target":["https:\/\/helenapsicologa.com.br\/index.php\/a-psicologa\/"]}]},{"@type":"BreadcrumbList","@id":"https:\/\/helenapsicologa.com.br\/index.php\/a-psicologa\/#breadcrumb","itemListElement":[{"@type":"ListItem","position":1,"name":"In\u00edcio","item":"https:\/\/helenapsicologa.com.br\/"},{"@type":"ListItem","position":2,"name":"A Psic\u00f3loga"}]},{"@type":"WebSite","@id":"https:\/\/helenapsicologa.com.br\/#website","url":"https:\/\/helenapsicologa.com.br\/","name":"Helena de Oliva | Psic\u00f3loga","description":"Atendimento psicol\u00f3gico para todas as idades, com foco em ansiedade, depress\u00e3o, luto, traumas, v\u00edcios, viol\u00eancia de g\u00eanero, interna\u00e7\u00e3o hospitalar e autoconhecimento","publisher":{"@id":"https:\/\/helenapsicologa.com.br\/#organization"},"potentialAction":[{"@type":"SearchAction","target":{"@type":"EntryPoint","urlTemplate":"https:\/\/helenapsicologa.com.br\/?s={search_term_string}"},"query-input":{"@type":"PropertyValueSpecification","valueRequired":true,"valueName":"search_term_string"}}],"inLanguage":"pt-BR"},{"@type":"Organization","@id":"https:\/\/helenapsicologa.com.br\/#organization","name":"Helena de Oliva | Psic\u00f3loga","url":"https:\/\/helenapsicologa.com.br\/","logo":{"@type":"ImageObject","inLanguage":"pt-BR","@id":"https:\/\/helenapsicologa.com.br\/#\/schema\/logo\/image\/","url":"https:\/\/helenapsicologa.com.br\/wp-content\/uploads\/2025\/05\/Ativo-1.svg","contentUrl":"https:\/\/helenapsicologa.com.br\/wp-content\/uploads\/2025\/05\/Ativo-1.svg","width":1536,"height":496,"caption":"Helena de Oliva | Psic\u00f3loga"},"image":{"@id":"https:\/\/helenapsicologa.com.br\/#\/schema\/logo\/image\/"}}]}},"_links":{"self":[{"href":"https:\/\/helenapsicologa.com.br\/index.php\/wp-json\/wp\/v2\/pages\/106","targetHints":{"allow":["GET"]}}],"collection":[{"href":"https:\/\/helenapsicologa.com.br\/index.php\/wp-json\/wp\/v2\/pages"}],"about":[{"href":"https:\/\/helenapsicologa.com.br\/index.php\/wp-json\/wp\/v2\/types\/page"}],"author":[{"embeddable":true,"href":"https:\/\/helenapsicologa.com.br\/index.php\/wp-json\/wp\/v2\/users\/1"}],"replies":[{"embeddable":true,"href":"https:\/\/helenapsicologa.com.br\/index.php\/wp-json\/wp\/v2\/comments?post=106"}],"version-history":[{"count":31,"href":"https:\/\/helenapsicologa.com.br\/index.php\/wp-json\/wp\/v2\/pages\/106\/revisions"}],"predecessor-version":[{"id":597,"href":"https:\/\/helenapsicologa.com.br\/index.php\/wp-json\/wp\/v2\/pages\/106\/revisions\/597"}],"wp:attachment":[{"href":"https:\/\/helenapsicologa.com.br\/index.php\/wp-json\/wp\/v2\/media?parent=106"}],"curies":[{"name":"wp","href":"https:\/\/api.w.org\/{rel}","templated":true}]}}